{"id":840,"date":"2020-10-23T17:08:51","date_gmt":"2020-10-23T15:08:51","guid":{"rendered":"https:\/\/tachyon.es\/es\/?page_id=840"},"modified":"2021-11-24T10:38:29","modified_gmt":"2021-11-24T09:38:29","slug":"menu","status":"publish","type":"page","link":"https:\/\/tachyon.es\/es\/","title":{"rendered":""},"content":{"rendered":"\n<figure class=\"wp-block-gallery columns-4 is-cropped\">\n\t<ul class=\"blocks-gallery-grid\">\n\t\t<li class=\"blocks-gallery-item\">\n\t\t\t<figure>\n\t\t\t\t<a href=\"https:\/\/tachyon.es\/es\/blog\/category\/servicio\/\">\n\t\t\t\t<img decoding=\"async\" src=\"https:\/\/tachyon.es\/es\/wp-content\/uploads\/2021\/11\/servicios.jpg\" alt=\"\" data-id=\"845\" data-full-url=\"https:\/\/tachyon.es\/es\/wp-content\/uploads\/2021\/11\/servicios.jpg\" data-link=\"https:\/\/tachyon.es\/es\/servicios-2\/\" class=\"wp-image-845\">\n\t\t\t\t<\/a>\n\t\t\t<\/figure>\n\t\t<\/li>\n\t\t<li class=\"blocks-gallery-item\">\n\t\t\t<figure>\n\t\t\t\t<a href=\"https:\/\/tachyon.es\/es\/blog\/category\/producto\/\">\n\t\t\t\t<img decoding=\"async\" src=\"https:\/\/tachyon.es\/es\/wp-content\/uploads\/2021\/11\/productos.jpg\" alt=\"\" data-id=\"844\" data-full-url=\"https:\/\/tachyon.es\/es\/wp-content\/uploads\/2021\/11\/productos.jpg\" data-link=\"https:\/\/tachyon.es\/es\/productos-2\/\" class=\"wp-image-844\">\n\t\t\t\t<\/a>\n\t\t\t<\/figure>\n\t\t<\/li>\n\t\t<li class=\"blocks-gallery-item\">\n\t\t\t<figure>\n\t\t\t\t<a href=\"https:\/\/tachyon.es\/es\/blog\/category\/obra\/\">\n\t\t\t\t<img decoding=\"async\" src=\"https:\/\/tachyon.es\/es\/wp-content\/uploads\/2021\/11\/obras.jpg\" alt=\"\" data-id=\"843\" data-full-url=\"https:\/\/tachyon.es\/es\/wp-content\/uploads\/2021\/11\/obras.jpg\" data-link=\"https:\/\/tachyon.es\/es\/obras-2\/\" class=\"wp-image-843\">\n\t\t\t\t<\/a>\n\t\t\t<\/figure>\n\t\t<\/li>\n\t\t<li class=\"blocks-gallery-item\">\n\t\t\t<figure>\n\t\t\t\t<a href=\"https:\/\/tachyon.es\/es\/folletos\/\">\n\t\t\t\t<img decoding=\"async\" src=\"https:\/\/tachyon.es\/es\/wp-content\/uploads\/2021\/11\/folletos.jpg\" alt=\"\" data-id=\"842\" data-full-url=\"https:\/\/tachyon.es\/es\/wp-content\/uploads\/2021\/11\/folletos.jpg\" data-link=\"https:\/\/tachyon.es\/es\/folletos-3\/\" class=\"wp-image-842\">\n\t\t\t\t<\/a>\n\t\t\t<\/figure>\n\t\t<\/li>\n\t<\/ul>\n<\/figure>\n\n\n\n<p><\/p>\n","protected":false},"excerpt":{"rendered":"","protected":false},"author":1,"featured_media":0,"parent":0,"menu_order":0,"comment_status":"closed","ping_status":"closed","template":"","meta":{"footnotes":""},"class_list":["post-840","page","type-page","status-publish","hentry"],"yoast_head":"<!-- This site is optimized with the Yoast SEO plugin v25.3 - https:\/\/yoast.com\/wordpress\/plugins\/seo\/ -->\n<title>- Tachyon SL - consulting - ai - software - hardware - electr\u00f3nica - energ\u00eda - geotermia<\/title>\n<meta name=\"description\" content=\"A\u00fan siendo pionera en Suiza, la empresa Tachyon SL nace y tiene su sede central en Alicante, Espa\u00f1a, desde donde tiene como una de sus finalidades, servir como embajadora de la calidad tecnol\u00f3gica europea Made in Spain y Made in Switzerland. Visi\u00f3n: Implementar la f\u00edsica aplicada en todos los procesos y sectores industriales. Misi\u00f3n: Innovar con el objetivo de aumentar la eficiencia y la eficacia de todos los procesos industriales, aplicando la f\u00edsica...\" \/>\n<meta name=\"robots\" content=\"index, follow, max-snippet:-1, max-image-preview:large, max-video-preview:-1\" \/>\n<link rel=\"canonical\" href=\"https:\/\/tachyon.es\/es\/\" \/>\n<meta property=\"og:locale\" content=\"es_ES\" \/>\n<meta property=\"og:type\" content=\"article\" \/>\n<meta property=\"og:title\" content=\"- Tachyon SL - consulting - ai - software - hardware - electr\u00f3nica - energ\u00eda - geotermia\" \/>\n<meta property=\"og:description\" content=\"A\u00fan siendo pionera en Suiza, la empresa Tachyon SL nace y tiene su sede central en Alicante, Espa\u00f1a, desde donde tiene como una de sus finalidades, servir como embajadora de la calidad tecnol\u00f3gica europea Made in Spain y Made in Switzerland. Visi\u00f3n: Implementar la f\u00edsica aplicada en todos los procesos y sectores industriales. Misi\u00f3n: Innovar con el objetivo de aumentar la eficiencia y la eficacia de todos los procesos industriales, aplicando la f\u00edsica...\" \/>\n<meta property=\"og:url\" content=\"https:\/\/tachyon.es\/es\/\" \/>\n<meta property=\"og:site_name\" content=\"Tachyon SL - consulting - ai - software - hardware - electr\u00f3nica - energ\u00eda - geotermia\" \/>\n<meta property=\"article:modified_time\" content=\"2021-11-24T09:38:29+00:00\" \/>\n<meta property=\"og:image\" content=\"https:\/\/tachyon.es\/es\/wp-content\/uploads\/2021\/11\/servicios.jpg\" \/>\n<meta name=\"twitter:card\" content=\"summary_large_image\" \/>\n<meta name=\"twitter:label1\" content=\"Tiempo de lectura\" \/>\n\t<meta name=\"twitter:data1\" content=\"1 minuto\" \/>\n<script type=\"application\/ld+json\" class=\"yoast-schema-graph\">{\"@context\":\"https:\/\/schema.org\",\"@graph\":[{\"@type\":\"WebPage\",\"@id\":\"https:\/\/tachyon.es\/es\/\",\"url\":\"https:\/\/tachyon.es\/es\/\",\"name\":\"- Tachyon SL - consulting - ai - software - hardware - electr\u00f3nica - energ\u00eda - geotermia\",\"isPartOf\":{\"@id\":\"https:\/\/tachyon.es\/es\/#website\"},\"primaryImageOfPage\":{\"@id\":\"https:\/\/tachyon.es\/es\/#primaryimage\"},\"image\":{\"@id\":\"https:\/\/tachyon.es\/es\/#primaryimage\"},\"thumbnailUrl\":\"https:\/\/tachyon.es\/es\/wp-content\/uploads\/2021\/11\/servicios.jpg\",\"datePublished\":\"2020-10-23T15:08:51+00:00\",\"dateModified\":\"2021-11-24T09:38:29+00:00\",\"description\":\"A\u00fan siendo pionera en Suiza, la empresa Tachyon SL nace y tiene su sede central en Alicante, Espa\u00f1a, desde donde tiene como una de sus finalidades, servir como embajadora de la calidad tecnol\u00f3gica europea Made in Spain y Made in Switzerland. Visi\u00f3n: Implementar la f\u00edsica aplicada en todos los procesos y sectores industriales. Misi\u00f3n: Innovar con el objetivo de aumentar la eficiencia y la eficacia de todos los procesos industriales, aplicando la f\u00edsica...\",\"inLanguage\":\"es\",\"potentialAction\":[{\"@type\":\"ReadAction\",\"target\":[\"https:\/\/tachyon.es\/es\/\"]}]},{\"@type\":\"ImageObject\",\"inLanguage\":\"es\",\"@id\":\"https:\/\/tachyon.es\/es\/#primaryimage\",\"url\":\"https:\/\/tachyon.es\/es\/wp-content\/uploads\/2021\/11\/servicios.jpg\",\"contentUrl\":\"https:\/\/tachyon.es\/es\/wp-content\/uploads\/2021\/11\/servicios.jpg\",\"width\":740,\"height\":990},{\"@type\":\"WebSite\",\"@id\":\"https:\/\/tachyon.es\/es\/#website\",\"url\":\"https:\/\/tachyon.es\/es\/\",\"name\":\"Tachyon SL - consulting - ai - software - hardware - electr\u00f3nica - energ\u00eda - geotermia\",\"description\":\"F\u00edsica aplicada\",\"publisher\":{\"@id\":\"https:\/\/tachyon.es\/es\/#organization\"},\"potentialAction\":[{\"@type\":\"SearchAction\",\"target\":{\"@type\":\"EntryPoint\",\"urlTemplate\":\"https:\/\/tachyon.es\/es\/?s={search_term_string}\"},\"query-input\":{\"@type\":\"PropertyValueSpecification\",\"valueRequired\":true,\"valueName\":\"search_term_string\"}}],\"inLanguage\":\"es\"},{\"@type\":\"Organization\",\"@id\":\"https:\/\/tachyon.es\/es\/#organization\",\"name\":\"Tachyon SL\",\"url\":\"https:\/\/tachyon.es\/es\/\",\"logo\":{\"@type\":\"ImageObject\",\"inLanguage\":\"es\",\"@id\":\"https:\/\/tachyon.es\/es\/#\/schema\/logo\/image\/\",\"url\":\"https:\/\/tachyon.es\/es\/wp-content\/uploads\/2020\/10\/tachyon-logo-2021-site-negro.png\",\"contentUrl\":\"https:\/\/tachyon.es\/es\/wp-content\/uploads\/2020\/10\/tachyon-logo-2021-site-negro.png\",\"width\":200,\"height\":268,\"caption\":\"Tachyon SL\"},\"image\":{\"@id\":\"https:\/\/tachyon.es\/es\/#\/schema\/logo\/image\/\"}}]}<\/script>\n<!-- \/ Yoast SEO plugin. -->","yoast_head_json":{"title":"- Tachyon SL - consulting - ai - software - hardware - electr\u00f3nica - energ\u00eda - geotermia","description":"A\u00fan siendo pionera en Suiza, la empresa Tachyon SL nace y tiene su sede central en Alicante, Espa\u00f1a, desde donde tiene como una de sus finalidades, servir como embajadora de la calidad tecnol\u00f3gica europea Made in Spain y Made in Switzerland. Visi\u00f3n: Implementar la f\u00edsica aplicada en todos los procesos y sectores industriales. Misi\u00f3n: Innovar con el objetivo de aumentar la eficiencia y la eficacia de todos los procesos industriales, aplicando la f\u00edsica...","robots":{"index":"index","follow":"follow","max-snippet":"max-snippet:-1","max-image-preview":"max-image-preview:large","max-video-preview":"max-video-preview:-1"},"canonical":"https:\/\/tachyon.es\/es\/","og_locale":"es_ES","og_type":"article","og_title":"- Tachyon SL - consulting - ai - software - hardware - electr\u00f3nica - energ\u00eda - geotermia","og_description":"A\u00fan siendo pionera en Suiza, la empresa Tachyon SL nace y tiene su sede central en Alicante, Espa\u00f1a, desde donde tiene como una de sus finalidades, servir como embajadora de la calidad tecnol\u00f3gica europea Made in Spain y Made in Switzerland. Visi\u00f3n: Implementar la f\u00edsica aplicada en todos los procesos y sectores industriales. Misi\u00f3n: Innovar con el objetivo de aumentar la eficiencia y la eficacia de todos los procesos industriales, aplicando la f\u00edsica...","og_url":"https:\/\/tachyon.es\/es\/","og_site_name":"Tachyon SL - consulting - ai - software - hardware - electr\u00f3nica - energ\u00eda - geotermia","article_modified_time":"2021-11-24T09:38:29+00:00","og_image":[{"url":"https:\/\/tachyon.es\/es\/wp-content\/uploads\/2021\/11\/servicios.jpg","type":"","width":"","height":""}],"twitter_card":"summary_large_image","twitter_misc":{"Tiempo de lectura":"1 minuto"},"schema":{"@context":"https:\/\/schema.org","@graph":[{"@type":"WebPage","@id":"https:\/\/tachyon.es\/es\/","url":"https:\/\/tachyon.es\/es\/","name":"- Tachyon SL - consulting - ai - software - hardware - electr\u00f3nica - energ\u00eda - geotermia","isPartOf":{"@id":"https:\/\/tachyon.es\/es\/#website"},"primaryImageOfPage":{"@id":"https:\/\/tachyon.es\/es\/#primaryimage"},"image":{"@id":"https:\/\/tachyon.es\/es\/#primaryimage"},"thumbnailUrl":"https:\/\/tachyon.es\/es\/wp-content\/uploads\/2021\/11\/servicios.jpg","datePublished":"2020-10-23T15:08:51+00:00","dateModified":"2021-11-24T09:38:29+00:00","description":"A\u00fan siendo pionera en Suiza, la empresa Tachyon SL nace y tiene su sede central en Alicante, Espa\u00f1a, desde donde tiene como una de sus finalidades, servir como embajadora de la calidad tecnol\u00f3gica europea Made in Spain y Made in Switzerland. Visi\u00f3n: Implementar la f\u00edsica aplicada en todos los procesos y sectores industriales. Misi\u00f3n: Innovar con el objetivo de aumentar la eficiencia y la eficacia de todos los procesos industriales, aplicando la f\u00edsica...","inLanguage":"es","potentialAction":[{"@type":"ReadAction","target":["https:\/\/tachyon.es\/es\/"]}]},{"@type":"ImageObject","inLanguage":"es","@id":"https:\/\/tachyon.es\/es\/#primaryimage","url":"https:\/\/tachyon.es\/es\/wp-content\/uploads\/2021\/11\/servicios.jpg","contentUrl":"https:\/\/tachyon.es\/es\/wp-content\/uploads\/2021\/11\/servicios.jpg","width":740,"height":990},{"@type":"WebSite","@id":"https:\/\/tachyon.es\/es\/#website","url":"https:\/\/tachyon.es\/es\/","name":"Tachyon SL - consulting - ai - software - hardware - electr\u00f3nica - energ\u00eda - geotermia","description":"F\u00edsica aplicada","publisher":{"@id":"https:\/\/tachyon.es\/es\/#organization"},"potentialAction":[{"@type":"SearchAction","target":{"@type":"EntryPoint","urlTemplate":"https:\/\/tachyon.es\/es\/?s={search_term_string}"},"query-input":{"@type":"PropertyValueSpecification","valueRequired":true,"valueName":"search_term_string"}}],"inLanguage":"es"},{"@type":"Organization","@id":"https:\/\/tachyon.es\/es\/#organization","name":"Tachyon SL","url":"https:\/\/tachyon.es\/es\/","logo":{"@type":"ImageObject","inLanguage":"es","@id":"https:\/\/tachyon.es\/es\/#\/schema\/logo\/image\/","url":"https:\/\/tachyon.es\/es\/wp-content\/uploads\/2020\/10\/tachyon-logo-2021-site-negro.png","contentUrl":"https:\/\/tachyon.es\/es\/wp-content\/uploads\/2020\/10\/tachyon-logo-2021-site-negro.png","width":200,"height":268,"caption":"Tachyon SL"},"image":{"@id":"https:\/\/tachyon.es\/es\/#\/schema\/logo\/image\/"}}]}},"_links":{"self":[{"href":"https:\/\/tachyon.es\/es\/wp-json\/wp\/v2\/pages\/840","targetHints":{"allow":["GET"]}}],"collection":[{"href":"https:\/\/tachyon.es\/es\/wp-json\/wp\/v2\/pages"}],"about":[{"href":"https:\/\/tachyon.es\/es\/wp-json\/wp\/v2\/types\/page"}],"author":[{"embeddable":true,"href":"https:\/\/tachyon.es\/es\/wp-json\/wp\/v2\/users\/1"}],"replies":[{"embeddable":true,"href":"https:\/\/tachyon.es\/es\/wp-json\/wp\/v2\/comments?post=840"}],"version-history":[{"count":24,"href":"https:\/\/tachyon.es\/es\/wp-json\/wp\/v2\/pages\/840\/revisions"}],"predecessor-version":[{"id":1557,"href":"https:\/\/tachyon.es\/es\/wp-json\/wp\/v2\/pages\/840\/revisions\/1557"}],"wp:attachment":[{"href":"https:\/\/tachyon.es\/es\/wp-json\/wp\/v2\/media?parent=840"}],"curies":[{"name":"wp","href":"https:\/\/api.w.org\/{rel}","templated":true}]}}