{"id":680,"date":"2020-10-21T07:21:25","date_gmt":"2020-10-21T07:21:25","guid":{"rendered":"https:\/\/tachyon.es\/es\/?page_id=680"},"modified":"2025-06-13T20:18:48","modified_gmt":"2025-06-13T18:18:48","slug":"folletos","status":"publish","type":"page","link":"https:\/\/tachyon.es\/es\/folletos\/","title":{"rendered":"Folletos"},"content":{"rendered":"\n<figure class=\"wp-block-image size-large is-resized\"><img loading=\"lazy\" decoding=\"async\" width=\"150\" height=\"150\" src=\"https:\/\/tachyon.es\/es\/wp-content\/uploads\/2020\/10\/oui-download.png\" alt=\"\" class=\"wp-image-683\" style=\"width:69px;height:69px\"\/><\/figure>\n\n\n\n<p>Folletos disponibles en (ES) (<a href=\"https:\/\/itachyon.ch\/tachyon-earth-switzerland\/ch\/fr\/brochures-tachyon\/\">FR<\/a>)<\/p>\n\n\n\n<figure class=\"wp-block-gallery aligncenter columns-4 is-cropped\"><ul class=\"blocks-gallery-grid\">\n\n<li class=\"blocks-gallery-item\"><figure><a href=\"https:\/\/tachyon.es\/es\/wp-content\/uploads\/2025\/06\/iTemp-Tachyon-SL-2025-es-sq.pdf\"><img decoding=\"async\" src=\"https:\/\/tachyon.es\/es\/wp-content\/uploads\/2025\/06\/abckk1.png\" alt=\"\" data-id=\"1220\" data-full-url=\"https:\/\/tachyon.es\/es\/wp-content\/uploads\/2025\/06\/abckk1.png\" data-link=\"https:\/\/tachyon.es\/es\/0343b-sans-noms-es\/\" class=\"wp-image-1220\"><\/a><\/figure><\/li>\n\n<li class=\"blocks-gallery-item\"><figure><a href=\"https:\/\/tachyon.es\/es\/wp-content\/uploads\/2024\/10\/iMGeo-Tachyon-SL-2025-es.pdf\"><img decoding=\"async\" src=\"https:\/\/tachyon.es\/es\/wp-content\/uploads\/2024\/10\/imgeo-es-3.jpg\" alt=\"\" data-id=\"1220\" data-full-url=\"https:\/\/tachyon.es\/es\/wp-content\/uploads\/2024\/10\/imgeo-es-3.jpg\" data-link=\"https:\/\/tachyon.es\/es\/0343b-sans-noms-es\/\" class=\"wp-image-1220\"><\/a><\/figure><\/li>\n\n<li class=\"blocks-gallery-item\"><figure><a href=\"https:\/\/tachyon.es\/pdf\/2022\/Tachyon-SL_iPRESS-Mark-I-folleto-2022-ES-HQ.pdf\"><img decoding=\"async\" src=\"https:\/\/tachyon.es\/es\/wp-content\/uploads\/2022\/03\/Folletos-sin-nombre-ES.png\" alt=\"\" data-id=\"1220\" data-full-url=\"https:\/\/tachyon.es\/es\/wp-content\/uploads\/2022\/03\/Folletos-sin-nombre-ES.png\" data-link=\"https:\/\/tachyon.es\/es\/0343b-sans-noms-es\/\" class=\"wp-image-1220\"><\/a><\/figure><\/li>\n\n<li class=\"blocks-gallery-item\"><figure><a href=\"https:\/\/itachyon.ch\/pdf\/2022\/iboard\/tachyon-iboard-hq.pdf\"><img decoding=\"async\" src=\"https:\/\/tachyon.es\/es\/wp-content\/uploads\/2022\/06\/iboard-folleto-sin-nombre-es.png\" alt=\"\" data-id=\"1220\" data-full-url=\"https:\/\/tachyon.es\/es\/wp-content\/uploads\/2022\/06\/iboard-folleto-sin-nombre-es.png\" data-link=\"https:\/\/tachyon.es\/es\/0343b-sans-noms-es\/\" class=\"wp-image-1220\"><\/a><\/figure><\/li>\n\n<li class=\"blocks-gallery-item\"><figure><a href=\"https:\/\/itachyon.ch\/pdf\/brochure\/tachyon-ivehicles-mark-1-es-hq.pdf\"><img decoding=\"async\" src=\"https:\/\/tachyon.es\/es\/wp-content\/uploads\/2022\/05\/Folleto-Tachyon-iVehicles-Mark-1-ES.jpg\" alt=\"\" data-id=\"1220\" data-full-url=\"https:\/\/tachyon.es\/es\/wp-content\/uploads\/2022\/05\/Folleto-Tachyon-iVehicles-Mark-1-ES.jpg\" data-link=\"https:\/\/tachyon.es\/es\/0343b-sans-noms-es\/\" class=\"wp-image-1220\"><\/a><\/figure><\/li>\n\n<li class=\"blocks-gallery-item\"><figure><a href=\"https:\/\/itachyon.ch\/pdf\/2021\/brochure\/tachyon-cable-sensible-v3-es-hq.pdf\"><img decoding=\"async\" src=\"https:\/\/tachyon.es\/es\/wp-content\/uploads\/2021\/02\/Folletos-sin-nombre-st.png\" alt=\"\" data-id=\"1220\" data-full-url=\"https:\/\/tachyon.es\/es\/wp-content\/uploads\/2021\/02\/Folletos-sin-nombre-st.png\" data-link=\"https:\/\/tachyon.es\/es\/0343b-sans-noms-es\/\" class=\"wp-image-1220\"><\/a><\/figure><\/li>\n\n<li class=\"blocks-gallery-item\"><figure><a href=\"https:\/\/tachyon.es\/pdf\/folleto\/tachyon-ifiresecurity-v1-es-sq.pdf\"><img loading=\"lazy\" decoding=\"async\" width=\"740\" height=\"990\" src=\"https:\/\/tachyon.es\/es\/wp-content\/uploads\/2020\/12\/0343B-sans-noms-ES.png\" alt=\"\" data-id=\"1220\" data-full-url=\"https:\/\/tachyon.es\/es\/wp-content\/uploads\/2020\/12\/0343B-sans-noms-ES.png\" data-link=\"https:\/\/tachyon.es\/es\/0343b-sans-noms-es\/\" class=\"wp-image-1220\" srcset=\"https:\/\/tachyon.es\/es\/wp-content\/uploads\/2020\/12\/0343B-sans-noms-ES.png 740w, https:\/\/tachyon.es\/es\/wp-content\/uploads\/2020\/12\/0343B-sans-noms-ES-224x300.png 224w\" sizes=\"auto, (max-width: 740px) 100vw, 740px\" \/><\/a><\/figure><\/li><li class=\"blocks-gallery-item\"><figure><a href=\"http:\/\/tachyon.es\/pdf\/folleto\/tachyon-igeotermia-v1-sq.pdf\"><img loading=\"lazy\" decoding=\"async\" width=\"740\" height=\"990\" src=\"https:\/\/tachyon.es\/es\/wp-content\/uploads\/2020\/12\/0342B-sans-noms-ES.png\" alt=\"\" data-id=\"1219\" data-full-url=\"https:\/\/tachyon.es\/es\/wp-content\/uploads\/2020\/12\/0342B-sans-noms-ES.png\" data-link=\"https:\/\/tachyon.es\/es\/0342b-sans-noms-es\/\" class=\"wp-image-1219\" srcset=\"https:\/\/tachyon.es\/es\/wp-content\/uploads\/2020\/12\/0342B-sans-noms-ES.png 740w, https:\/\/tachyon.es\/es\/wp-content\/uploads\/2020\/12\/0342B-sans-noms-ES-224x300.png 224w\" sizes=\"auto, (max-width: 740px) 100vw, 740px\" \/><\/a><\/figure><\/li>\n\n<li class=\"blocks-gallery-item\"><figure><a href=\"https:\/\/tachyon.es\/es\/pdf\/1005ES-tachyon-folleto-trt-v1-HQ.pdf\"><img loading=\"lazy\" decoding=\"async\" width=\"740\" height=\"1000\" src=\"https:\/\/tachyon.es\/es\/wp-content\/uploads\/2020\/10\/1005ES.png\" alt=\"\" data-id=\"748\" data-full-url=\"https:\/\/tachyon.es\/es\/wp-content\/uploads\/2020\/10\/1005ES.png\" data-link=\"https:\/\/tachyon.es\/es\/1005es\/\" class=\"wp-image-748\" srcset=\"https:\/\/tachyon.es\/es\/wp-content\/uploads\/2020\/10\/1005ES.png 740w, https:\/\/tachyon.es\/es\/wp-content\/uploads\/2020\/10\/1005ES-222x300.png 222w\" sizes=\"auto, (max-width: 740px) 100vw, 740px\" \/><\/a><\/figure><\/li><li class=\"blocks-gallery-item\"><figure><a href=\"https:\/\/tachyon.es\/es\/pdf\/1006ES-tachyon-folleto-clara-trt-v1-HQ.pdf\"><img loading=\"lazy\" decoding=\"async\" width=\"740\" height=\"1000\" src=\"https:\/\/tachyon.es\/es\/wp-content\/uploads\/2020\/10\/1006ES.png\" alt=\"\" data-id=\"749\" data-full-url=\"https:\/\/tachyon.es\/es\/wp-content\/uploads\/2020\/10\/1006ES.png\" data-link=\"https:\/\/tachyon.es\/es\/1006es\/\" class=\"wp-image-749\" srcset=\"https:\/\/tachyon.es\/es\/wp-content\/uploads\/2020\/10\/1006ES.png 740w, https:\/\/tachyon.es\/es\/wp-content\/uploads\/2020\/10\/1006ES-222x300.png 222w\" sizes=\"auto, (max-width: 740px) 100vw, 740px\" \/><\/a><\/figure><\/li>\n\n<li class=\"blocks-gallery-item\"><figure><a href=\"https:\/\/tachyon.es\/es\/pdf\/1009ES-tachyon-folleto-monitoreo-temperatura-v1-HQ.pdf\"><img loading=\"lazy\" decoding=\"async\" width=\"740\" height=\"1000\" src=\"https:\/\/tachyon.es\/es\/wp-content\/uploads\/2020\/10\/1009ES.png\" alt=\"\" data-id=\"833\" data-full-url=\"https:\/\/tachyon.es\/es\/wp-content\/uploads\/2020\/10\/1009ES.png\" data-link=\"https:\/\/tachyon.es\/es\/folletos\/1009es\/\" class=\"wp-image-833\" srcset=\"https:\/\/tachyon.es\/es\/wp-content\/uploads\/2020\/10\/1009ES.png 740w, https:\/\/tachyon.es\/es\/wp-content\/uploads\/2020\/10\/1009ES-222x300.png 222w\" sizes=\"auto, (max-width: 740px) 100vw, 740px\" \/><\/a><\/figure><\/li><li class=\"blocks-gallery-item\"><figure><a href=\"https:\/\/tachyon.es\/es\/pdf\/1008ES-tachyon-folleto-catastro-geotermico-v1-HQ.pdf\"><img loading=\"lazy\" decoding=\"async\" width=\"740\" height=\"1000\" src=\"https:\/\/tachyon.es\/es\/wp-content\/uploads\/2020\/10\/1008ES.png\" alt=\"\" data-id=\"832\" data-full-url=\"https:\/\/tachyon.es\/es\/wp-content\/uploads\/2020\/10\/1008ES.png\" data-link=\"https:\/\/tachyon.es\/es\/folletos\/1008es\/\" class=\"wp-image-832\" srcset=\"https:\/\/tachyon.es\/es\/wp-content\/uploads\/2020\/10\/1008ES.png 740w, https:\/\/tachyon.es\/es\/wp-content\/uploads\/2020\/10\/1008ES-222x300.png 222w\" sizes=\"auto, (max-width: 740px) 100vw, 740px\" \/><\/a><\/figure><\/li>\n\n<li class=\"blocks-gallery-item\"><figure><a href=\"http:\/\/tachyon.es\/es\/pdf\/1004ES-tachyon-folleto-monitoreo-vxs-HQ.pdf\"><img loading=\"lazy\" decoding=\"async\" width=\"740\" height=\"1000\" src=\"https:\/\/tachyon.es\/es\/wp-content\/uploads\/2020\/10\/1004ES.png\" alt=\"\" data-id=\"729\" data-full-url=\"https:\/\/tachyon.es\/es\/wp-content\/uploads\/2020\/10\/1004ES.png\" data-link=\"https:\/\/tachyon.es\/es\/folletos\/1004es\/\" class=\"wp-image-729\" srcset=\"https:\/\/tachyon.es\/es\/wp-content\/uploads\/2020\/10\/1004ES.png 740w, https:\/\/tachyon.es\/es\/wp-content\/uploads\/2020\/10\/1004ES-222x300.png 222w\" sizes=\"auto, (max-width: 740px) 100vw, 740px\" \/><\/a><\/figure><\/li><li class=\"blocks-gallery-item\"><figure><a href=\"https:\/\/tachyon.es\/es\/pdf\/1001ES-tachyon-folleto-idata-v1-HQ.pdf\"><img loading=\"lazy\" decoding=\"async\" width=\"740\" height=\"1000\" src=\"https:\/\/tachyon.es\/es\/wp-content\/uploads\/2020\/10\/1001ES.png\" alt=\"\" data-id=\"674\" data-full-url=\"https:\/\/tachyon.es\/es\/wp-content\/uploads\/2020\/10\/1001ES.png\" data-link=\"https:\/\/tachyon.es\/es\/blog\/2020\/10\/20\/idata\/1001es\/\" class=\"wp-image-674\" srcset=\"https:\/\/tachyon.es\/es\/wp-content\/uploads\/2020\/10\/1001ES.png 740w, https:\/\/tachyon.es\/es\/wp-content\/uploads\/2020\/10\/1001ES-222x300.png 222w\" sizes=\"auto, (max-width: 740px) 100vw, 740px\" \/><\/a><\/figure><\/li>\n\n<li class=\"blocks-gallery-item\"><figure><a href=\"https:\/\/tachyon.es\/es\/pdf\/1002ES-tachyon-folleto-idata-v1-HQ.pdf\"><img loading=\"lazy\" decoding=\"async\" width=\"740\" height=\"1000\" src=\"https:\/\/tachyon.es\/es\/wp-content\/uploads\/2020\/10\/1002ES.png\" alt=\"\" data-id=\"677\" data-full-url=\"https:\/\/tachyon.es\/es\/wp-content\/uploads\/2020\/10\/1002ES.png\" data-link=\"https:\/\/tachyon.es\/es\/blog\/2020\/10\/20\/idata\/1002es\/\" class=\"wp-image-677\" srcset=\"https:\/\/tachyon.es\/es\/wp-content\/uploads\/2020\/10\/1002ES.png 740w, https:\/\/tachyon.es\/es\/wp-content\/uploads\/2020\/10\/1002ES-222x300.png 222w\" sizes=\"auto, (max-width: 740px) 100vw, 740px\" \/><\/a><\/figure><\/li><li class=\"blocks-gallery-item\"><figure><a href=\"http:\/\/tachyon.es\/es\/pdf\/1003ES-tachyon-folleto-catastro-4d-HQ.pdf\"><img decoding=\"async\" src=\"https:\/\/tachyon.es\/es\/wp-content\/uploads\/2020\/10\/1003ES-1.png\" alt=\"\" data-id=\"728\" data-full-url=\"https:\/\/tachyon.es\/es\/wp-content\/uploads\/2020\/10\/1003ES-1.png\" data-link=\"https:\/\/tachyon.es\/es\/folletos\/1003es\/\" class=\"wp-image-728\"><\/a><\/figure><\/li>\n\n<li class=\"blocks-gallery-item\"><figure><a href=\"https:\/\/tachyon.es\/es\/pdf\/1010ES-tachyon-folleto-geotermia-dinamica-v1-HQ.pdf\"><img decoding=\"async\" src=\"https:\/\/tachyon.es\/es\/wp-content\/uploads\/2020\/10\/1010ES-1.png\" alt=\"\" data-id=\"834\" data-full-url=\"https:\/\/tachyon.es\/es\/wp-content\/uploads\/2020\/10\/1010ES-1.png\" data-link=\"https:\/\/tachyon.es\/es\/folletos\/1010es\/\" class=\"wp-image-834\"><\/a><\/figure><\/li><li class=\"blocks-gallery-item\"><figure><a href=\"https:\/\/tachyon.es\/es\/pdf\/1007ES-tachyon-folleto-pvt-v1-SQ.pdf\"><img loading=\"lazy\" decoding=\"async\" width=\"740\" height=\"1000\" src=\"https:\/\/tachyon.es\/es\/wp-content\/uploads\/2020\/10\/1007ES.png\" alt=\"\" data-id=\"831\" data-full-url=\"https:\/\/tachyon.es\/es\/wp-content\/uploads\/2020\/10\/1007ES.png\" data-link=\"https:\/\/tachyon.es\/es\/folletos\/1007es\/\" class=\"wp-image-831\" srcset=\"https:\/\/tachyon.es\/es\/wp-content\/uploads\/2020\/10\/1007ES.png 740w, https:\/\/tachyon.es\/es\/wp-content\/uploads\/2020\/10\/1007ES-222x300.png 222w\" sizes=\"auto, (max-width: 740px) 100vw, 740px\" \/><\/a><\/figure><\/li>\n\n<li class=\"blocks-gallery-item\"><figure><a href=\"https:\/\/tachyon.es\/es\/pdf\/1011ES-tachyon-folleto-por-que-datos-v1-HQ.pdf\"><img loading=\"lazy\" decoding=\"async\" width=\"740\" height=\"1000\" src=\"https:\/\/tachyon.es\/es\/wp-content\/uploads\/2020\/10\/1011ES.png\" alt=\"\" data-id=\"890\" data-full-url=\"https:\/\/tachyon.es\/es\/wp-content\/uploads\/2020\/10\/1011ES.png\" data-link=\"https:\/\/tachyon.es\/es\/folletos\/1011es\/\" class=\"wp-image-890\" srcset=\"https:\/\/tachyon.es\/es\/wp-content\/uploads\/2020\/10\/1011ES.png 740w, https:\/\/tachyon.es\/es\/wp-content\/uploads\/2020\/10\/1011ES-222x300.png 222w\" sizes=\"auto, (max-width: 740px) 100vw, 740px\" \/><\/a><\/figure><\/li><li class=\"blocks-gallery-item\"><figure><a href=\"https:\/\/tachyon.es\/es\/pdf\/1012ES-tachyon-folleto-trtplusplus-v1-HQ.pdf\"><img loading=\"lazy\" decoding=\"async\" width=\"740\" height=\"1000\" src=\"https:\/\/tachyon.es\/es\/wp-content\/uploads\/2020\/10\/1012ES.png\" alt=\"\" data-id=\"891\" data-full-url=\"https:\/\/tachyon.es\/es\/wp-content\/uploads\/2020\/10\/1012ES.png\" data-link=\"https:\/\/tachyon.es\/es\/folletos\/1012es\/\" class=\"wp-image-891\" srcset=\"https:\/\/tachyon.es\/es\/wp-content\/uploads\/2020\/10\/1012ES.png 740w, https:\/\/tachyon.es\/es\/wp-content\/uploads\/2020\/10\/1012ES-222x300.png 222w\" sizes=\"auto, (max-width: 740px) 100vw, 740px\" \/><\/a><\/figure><\/li>\n\n<\/ul><\/figure>\n","protected":false},"excerpt":{"rendered":"<p>Folletos disponibles en (ES) (FR)<\/p>\n","protected":false},"author":1,"featured_media":0,"parent":0,"menu_order":0,"comment_status":"closed","ping_status":"closed","template":"","meta":{"footnotes":""},"class_list":["post-680","page","type-page","status-publish","hentry"],"yoast_head":"<!-- This site is optimized with the Yoast SEO plugin v25.3 - https:\/\/yoast.com\/wordpress\/plugins\/seo\/ -->\n<title>Folletos - Tachyon SL - consulting - ai - software - hardware - electr\u00f3nica - energ\u00eda - geotermia<\/title>\n<meta name=\"robots\" content=\"index, follow, max-snippet:-1, max-image-preview:large, max-video-preview:-1\" \/>\n<link rel=\"canonical\" href=\"https:\/\/tachyon.es\/es\/folletos\/\" \/>\n<meta property=\"og:locale\" content=\"es_ES\" \/>\n<meta property=\"og:type\" content=\"article\" \/>\n<meta property=\"og:title\" content=\"Folletos - Tachyon SL - consulting - ai - software - hardware - electr\u00f3nica - energ\u00eda - geotermia\" \/>\n<meta property=\"og:description\" content=\"Folletos disponibles en (ES) (FR)\" \/>\n<meta property=\"og:url\" content=\"https:\/\/tachyon.es\/es\/folletos\/\" \/>\n<meta property=\"og:site_name\" content=\"Tachyon SL - consulting - ai - software - hardware - electr\u00f3nica - energ\u00eda - geotermia\" \/>\n<meta property=\"article:modified_time\" content=\"2025-06-13T18:18:48+00:00\" \/>\n<meta property=\"og:image\" content=\"https:\/\/tachyon.es\/es\/wp-content\/uploads\/2020\/10\/oui-download.png\" \/>\n\t<meta property=\"og:image:width\" content=\"150\" \/>\n\t<meta property=\"og:image:height\" content=\"150\" \/>\n\t<meta property=\"og:image:type\" content=\"image\/png\" \/>\n<meta name=\"twitter:card\" content=\"summary_large_image\" \/>\n<meta name=\"twitter:label1\" content=\"Tiempo de lectura\" \/>\n\t<meta name=\"twitter:data1\" content=\"5 minutos\" \/>\n<script type=\"application\/ld+json\" class=\"yoast-schema-graph\">{\"@context\":\"https:\/\/schema.org\",\"@graph\":[{\"@type\":\"WebPage\",\"@id\":\"https:\/\/tachyon.es\/es\/folletos\/\",\"url\":\"https:\/\/tachyon.es\/es\/folletos\/\",\"name\":\"Folletos - Tachyon SL - consulting - ai - software - hardware - electr\u00f3nica - energ\u00eda - geotermia\",\"isPartOf\":{\"@id\":\"https:\/\/tachyon.es\/es\/#website\"},\"primaryImageOfPage\":{\"@id\":\"https:\/\/tachyon.es\/es\/folletos\/#primaryimage\"},\"image\":{\"@id\":\"https:\/\/tachyon.es\/es\/folletos\/#primaryimage\"},\"thumbnailUrl\":\"https:\/\/tachyon.es\/es\/wp-content\/uploads\/2020\/10\/oui-download.png\",\"datePublished\":\"2020-10-21T07:21:25+00:00\",\"dateModified\":\"2025-06-13T18:18:48+00:00\",\"breadcrumb\":{\"@id\":\"https:\/\/tachyon.es\/es\/folletos\/#breadcrumb\"},\"inLanguage\":\"es\",\"potentialAction\":[{\"@type\":\"ReadAction\",\"target\":[\"https:\/\/tachyon.es\/es\/folletos\/\"]}]},{\"@type\":\"ImageObject\",\"inLanguage\":\"es\",\"@id\":\"https:\/\/tachyon.es\/es\/folletos\/#primaryimage\",\"url\":\"https:\/\/tachyon.es\/es\/wp-content\/uploads\/2020\/10\/oui-download.png\",\"contentUrl\":\"https:\/\/tachyon.es\/es\/wp-content\/uploads\/2020\/10\/oui-download.png\",\"width\":150,\"height\":150},{\"@type\":\"BreadcrumbList\",\"@id\":\"https:\/\/tachyon.es\/es\/folletos\/#breadcrumb\",\"itemListElement\":[{\"@type\":\"ListItem\",\"position\":1,\"name\":\"Portada\",\"item\":\"https:\/\/tachyon.es\/es\/\"},{\"@type\":\"ListItem\",\"position\":2,\"name\":\"Folletos\"}]},{\"@type\":\"WebSite\",\"@id\":\"https:\/\/tachyon.es\/es\/#website\",\"url\":\"https:\/\/tachyon.es\/es\/\",\"name\":\"Tachyon SL - consulting - ai - software - hardware - electr\u00f3nica - energ\u00eda - geotermia\",\"description\":\"F\u00edsica aplicada\",\"publisher\":{\"@id\":\"https:\/\/tachyon.es\/es\/#organization\"},\"potentialAction\":[{\"@type\":\"SearchAction\",\"target\":{\"@type\":\"EntryPoint\",\"urlTemplate\":\"https:\/\/tachyon.es\/es\/?s={search_term_string}\"},\"query-input\":{\"@type\":\"PropertyValueSpecification\",\"valueRequired\":true,\"valueName\":\"search_term_string\"}}],\"inLanguage\":\"es\"},{\"@type\":\"Organization\",\"@id\":\"https:\/\/tachyon.es\/es\/#organization\",\"name\":\"Tachyon SL\",\"url\":\"https:\/\/tachyon.es\/es\/\",\"logo\":{\"@type\":\"ImageObject\",\"inLanguage\":\"es\",\"@id\":\"https:\/\/tachyon.es\/es\/#\/schema\/logo\/image\/\",\"url\":\"https:\/\/tachyon.es\/es\/wp-content\/uploads\/2020\/10\/tachyon-logo-2021-site-negro.png\",\"contentUrl\":\"https:\/\/tachyon.es\/es\/wp-content\/uploads\/2020\/10\/tachyon-logo-2021-site-negro.png\",\"width\":200,\"height\":268,\"caption\":\"Tachyon SL\"},\"image\":{\"@id\":\"https:\/\/tachyon.es\/es\/#\/schema\/logo\/image\/\"}}]}<\/script>\n<!-- \/ Yoast SEO plugin. -->","yoast_head_json":{"title":"Folletos - Tachyon SL - consulting - ai - software - hardware - electr\u00f3nica - energ\u00eda - geotermia","robots":{"index":"index","follow":"follow","max-snippet":"max-snippet:-1","max-image-preview":"max-image-preview:large","max-video-preview":"max-video-preview:-1"},"canonical":"https:\/\/tachyon.es\/es\/folletos\/","og_locale":"es_ES","og_type":"article","og_title":"Folletos - Tachyon SL - consulting - ai - software - hardware - electr\u00f3nica - energ\u00eda - geotermia","og_description":"Folletos disponibles en (ES) (FR)","og_url":"https:\/\/tachyon.es\/es\/folletos\/","og_site_name":"Tachyon SL - consulting - ai - software - hardware - electr\u00f3nica - energ\u00eda - geotermia","article_modified_time":"2025-06-13T18:18:48+00:00","og_image":[{"width":150,"height":150,"url":"https:\/\/tachyon.es\/es\/wp-content\/uploads\/2020\/10\/oui-download.png","type":"image\/png"}],"twitter_card":"summary_large_image","twitter_misc":{"Tiempo de lectura":"5 minutos"},"schema":{"@context":"https:\/\/schema.org","@graph":[{"@type":"WebPage","@id":"https:\/\/tachyon.es\/es\/folletos\/","url":"https:\/\/tachyon.es\/es\/folletos\/","name":"Folletos - Tachyon SL - consulting - ai - software - hardware - electr\u00f3nica - energ\u00eda - geotermia","isPartOf":{"@id":"https:\/\/tachyon.es\/es\/#website"},"primaryImageOfPage":{"@id":"https:\/\/tachyon.es\/es\/folletos\/#primaryimage"},"image":{"@id":"https:\/\/tachyon.es\/es\/folletos\/#primaryimage"},"thumbnailUrl":"https:\/\/tachyon.es\/es\/wp-content\/uploads\/2020\/10\/oui-download.png","datePublished":"2020-10-21T07:21:25+00:00","dateModified":"2025-06-13T18:18:48+00:00","breadcrumb":{"@id":"https:\/\/tachyon.es\/es\/folletos\/#breadcrumb"},"inLanguage":"es","potentialAction":[{"@type":"ReadAction","target":["https:\/\/tachyon.es\/es\/folletos\/"]}]},{"@type":"ImageObject","inLanguage":"es","@id":"https:\/\/tachyon.es\/es\/folletos\/#primaryimage","url":"https:\/\/tachyon.es\/es\/wp-content\/uploads\/2020\/10\/oui-download.png","contentUrl":"https:\/\/tachyon.es\/es\/wp-content\/uploads\/2020\/10\/oui-download.png","width":150,"height":150},{"@type":"BreadcrumbList","@id":"https:\/\/tachyon.es\/es\/folletos\/#breadcrumb","itemListElement":[{"@type":"ListItem","position":1,"name":"Portada","item":"https:\/\/tachyon.es\/es\/"},{"@type":"ListItem","position":2,"name":"Folletos"}]},{"@type":"WebSite","@id":"https:\/\/tachyon.es\/es\/#website","url":"https:\/\/tachyon.es\/es\/","name":"Tachyon SL - consulting - ai - software - hardware - electr\u00f3nica - energ\u00eda - geotermia","description":"F\u00edsica aplicada","publisher":{"@id":"https:\/\/tachyon.es\/es\/#organization"},"potentialAction":[{"@type":"SearchAction","target":{"@type":"EntryPoint","urlTemplate":"https:\/\/tachyon.es\/es\/?s={search_term_string}"},"query-input":{"@type":"PropertyValueSpecification","valueRequired":true,"valueName":"search_term_string"}}],"inLanguage":"es"},{"@type":"Organization","@id":"https:\/\/tachyon.es\/es\/#organization","name":"Tachyon SL","url":"https:\/\/tachyon.es\/es\/","logo":{"@type":"ImageObject","inLanguage":"es","@id":"https:\/\/tachyon.es\/es\/#\/schema\/logo\/image\/","url":"https:\/\/tachyon.es\/es\/wp-content\/uploads\/2020\/10\/tachyon-logo-2021-site-negro.png","contentUrl":"https:\/\/tachyon.es\/es\/wp-content\/uploads\/2020\/10\/tachyon-logo-2021-site-negro.png","width":200,"height":268,"caption":"Tachyon SL"},"image":{"@id":"https:\/\/tachyon.es\/es\/#\/schema\/logo\/image\/"}}]}},"_links":{"self":[{"href":"https:\/\/tachyon.es\/es\/wp-json\/wp\/v2\/pages\/680","targetHints":{"allow":["GET"]}}],"collection":[{"href":"https:\/\/tachyon.es\/es\/wp-json\/wp\/v2\/pages"}],"about":[{"href":"https:\/\/tachyon.es\/es\/wp-json\/wp\/v2\/types\/page"}],"author":[{"embeddable":true,"href":"https:\/\/tachyon.es\/es\/wp-json\/wp\/v2\/users\/1"}],"replies":[{"embeddable":true,"href":"https:\/\/tachyon.es\/es\/wp-json\/wp\/v2\/comments?post=680"}],"version-history":[{"count":66,"href":"https:\/\/tachyon.es\/es\/wp-json\/wp\/v2\/pages\/680\/revisions"}],"predecessor-version":[{"id":2752,"href":"https:\/\/tachyon.es\/es\/wp-json\/wp\/v2\/pages\/680\/revisions\/2752"}],"wp:attachment":[{"href":"https:\/\/tachyon.es\/es\/wp-json\/wp\/v2\/media?parent=680"}],"curies":[{"name":"wp","href":"https:\/\/api.w.org\/{rel}","templated":true}]}}