{"id":452,"date":"2020-10-20T05:51:58","date_gmt":"2020-10-20T05:51:58","guid":{"rendered":"https:\/\/tachyon.es\/es\/?page_id=452"},"modified":"2020-10-27T19:42:16","modified_gmt":"2020-10-27T18:42:16","slug":"acceso","status":"publish","type":"page","link":"https:\/\/tachyon.es\/es\/acceso\/","title":{"rendered":""},"content":{"rendered":"\n<div class=\"wp-block-image\"><figure class=\"aligncenter size-full\"><a href=\"https:\/\/tachyon.es\/es\/on\/\"><img loading=\"lazy\" decoding=\"async\" width=\"1024\" height=\"682\" src=\"https:\/\/tachyon.es\/es\/wp-content\/uploads\/2020\/10\/big-data-1024x682-2.jpg\" alt=\"\" class=\"wp-image-453\" srcset=\"https:\/\/tachyon.es\/es\/wp-content\/uploads\/2020\/10\/big-data-1024x682-2.jpg 1024w, https:\/\/tachyon.es\/es\/wp-content\/uploads\/2020\/10\/big-data-1024x682-2-300x200.jpg 300w, https:\/\/tachyon.es\/es\/wp-content\/uploads\/2020\/10\/big-data-1024x682-2-768x512.jpg 768w, https:\/\/tachyon.es\/es\/wp-content\/uploads\/2020\/10\/big-data-1024x682-2-272x182.jpg 272w\" sizes=\"auto, (max-width: 1024px) 100vw, 1024px\" \/><\/a><\/figure><\/div>\n\n\n\n<p class=\"has-text-align-center\">Con\u00e9ctese a sus systemas de obtenci\u00f3n de datos en tiempo real Tachyon (pulse sobre la imagen y <a href=\"https:\/\/tachyon.es\/es\/on\/\">log\u00e9ese a sus instalaciones<\/a>)<\/p>\n","protected":false},"excerpt":{"rendered":"<p>Con\u00e9ctese a sus systemas de obtenci\u00f3n de datos en tiempo real Tachyon (pulse sobre la imagen y log\u00e9ese a sus instalaciones)<\/p>\n","protected":false},"author":1,"featured_media":0,"parent":0,"menu_order":0,"comment_status":"closed","ping_status":"closed","template":"","meta":{"footnotes":""},"class_list":["post-452","page","type-page","status-publish","hentry"],"yoast_head":"<!-- This site is optimized with the Yoast SEO plugin v25.3 - https:\/\/yoast.com\/wordpress\/plugins\/seo\/ -->\n<title>- Tachyon SL - consulting - ai - software - hardware - electr\u00f3nica - energ\u00eda - geotermia<\/title>\n<meta name=\"robots\" content=\"index, follow, max-snippet:-1, max-image-preview:large, max-video-preview:-1\" \/>\n<link rel=\"canonical\" href=\"https:\/\/tachyon.es\/es\/acceso\/\" \/>\n<meta property=\"og:locale\" content=\"es_ES\" \/>\n<meta property=\"og:type\" content=\"article\" \/>\n<meta property=\"og:title\" content=\"- Tachyon SL - consulting - ai - software - hardware - electr\u00f3nica - energ\u00eda - geotermia\" \/>\n<meta property=\"og:description\" content=\"Con\u00e9ctese a sus systemas de obtenci\u00f3n de datos en tiempo real Tachyon (pulse sobre la imagen y log\u00e9ese a sus instalaciones)\" \/>\n<meta property=\"og:url\" content=\"https:\/\/tachyon.es\/es\/acceso\/\" \/>\n<meta property=\"og:site_name\" content=\"Tachyon SL - consulting - ai - software - hardware - electr\u00f3nica - energ\u00eda - geotermia\" \/>\n<meta property=\"article:modified_time\" content=\"2020-10-27T18:42:16+00:00\" \/>\n<meta property=\"og:image\" content=\"https:\/\/tachyon.es\/es\/wp-content\/uploads\/2020\/10\/big-data-1024x682-2.jpg\" \/>\n<meta name=\"twitter:card\" content=\"summary_large_image\" \/>\n<script type=\"application\/ld+json\" class=\"yoast-schema-graph\">{\"@context\":\"https:\/\/schema.org\",\"@graph\":[{\"@type\":\"WebPage\",\"@id\":\"https:\/\/tachyon.es\/es\/acceso\/\",\"url\":\"https:\/\/tachyon.es\/es\/acceso\/\",\"name\":\"- Tachyon SL - consulting - ai - software - hardware - electr\u00f3nica - energ\u00eda - geotermia\",\"isPartOf\":{\"@id\":\"https:\/\/tachyon.es\/es\/#website\"},\"primaryImageOfPage\":{\"@id\":\"https:\/\/tachyon.es\/es\/acceso\/#primaryimage\"},\"image\":{\"@id\":\"https:\/\/tachyon.es\/es\/acceso\/#primaryimage\"},\"thumbnailUrl\":\"https:\/\/tachyon.es\/es\/wp-content\/uploads\/2020\/10\/big-data-1024x682-2.jpg\",\"datePublished\":\"2020-10-20T05:51:58+00:00\",\"dateModified\":\"2020-10-27T18:42:16+00:00\",\"inLanguage\":\"es\",\"potentialAction\":[{\"@type\":\"ReadAction\",\"target\":[\"https:\/\/tachyon.es\/es\/acceso\/\"]}]},{\"@type\":\"ImageObject\",\"inLanguage\":\"es\",\"@id\":\"https:\/\/tachyon.es\/es\/acceso\/#primaryimage\",\"url\":\"https:\/\/tachyon.es\/es\/wp-content\/uploads\/2020\/10\/big-data-1024x682-2.jpg\",\"contentUrl\":\"https:\/\/tachyon.es\/es\/wp-content\/uploads\/2020\/10\/big-data-1024x682-2.jpg\",\"width\":1024,\"height\":682},{\"@type\":\"WebSite\",\"@id\":\"https:\/\/tachyon.es\/es\/#website\",\"url\":\"https:\/\/tachyon.es\/es\/\",\"name\":\"Tachyon SL - consulting - ai - software - hardware - electr\u00f3nica - energ\u00eda - geotermia\",\"description\":\"F\u00edsica aplicada\",\"publisher\":{\"@id\":\"https:\/\/tachyon.es\/es\/#organization\"},\"potentialAction\":[{\"@type\":\"SearchAction\",\"target\":{\"@type\":\"EntryPoint\",\"urlTemplate\":\"https:\/\/tachyon.es\/es\/?s={search_term_string}\"},\"query-input\":{\"@type\":\"PropertyValueSpecification\",\"valueRequired\":true,\"valueName\":\"search_term_string\"}}],\"inLanguage\":\"es\"},{\"@type\":\"Organization\",\"@id\":\"https:\/\/tachyon.es\/es\/#organization\",\"name\":\"Tachyon SL\",\"url\":\"https:\/\/tachyon.es\/es\/\",\"logo\":{\"@type\":\"ImageObject\",\"inLanguage\":\"es\",\"@id\":\"https:\/\/tachyon.es\/es\/#\/schema\/logo\/image\/\",\"url\":\"https:\/\/tachyon.es\/es\/wp-content\/uploads\/2020\/10\/tachyon-logo-2021-site-negro.png\",\"contentUrl\":\"https:\/\/tachyon.es\/es\/wp-content\/uploads\/2020\/10\/tachyon-logo-2021-site-negro.png\",\"width\":200,\"height\":268,\"caption\":\"Tachyon SL\"},\"image\":{\"@id\":\"https:\/\/tachyon.es\/es\/#\/schema\/logo\/image\/\"}}]}<\/script>\n<!-- \/ Yoast SEO plugin. -->","yoast_head_json":{"title":"- Tachyon SL - consulting - ai - software - hardware - electr\u00f3nica - energ\u00eda - geotermia","robots":{"index":"index","follow":"follow","max-snippet":"max-snippet:-1","max-image-preview":"max-image-preview:large","max-video-preview":"max-video-preview:-1"},"canonical":"https:\/\/tachyon.es\/es\/acceso\/","og_locale":"es_ES","og_type":"article","og_title":"- Tachyon SL - consulting - ai - software - hardware - electr\u00f3nica - energ\u00eda - geotermia","og_description":"Con\u00e9ctese a sus systemas de obtenci\u00f3n de datos en tiempo real Tachyon (pulse sobre la imagen y log\u00e9ese a sus instalaciones)","og_url":"https:\/\/tachyon.es\/es\/acceso\/","og_site_name":"Tachyon SL - consulting - ai - software - hardware - electr\u00f3nica - energ\u00eda - geotermia","article_modified_time":"2020-10-27T18:42:16+00:00","og_image":[{"url":"https:\/\/tachyon.es\/es\/wp-content\/uploads\/2020\/10\/big-data-1024x682-2.jpg","type":"","width":"","height":""}],"twitter_card":"summary_large_image","schema":{"@context":"https:\/\/schema.org","@graph":[{"@type":"WebPage","@id":"https:\/\/tachyon.es\/es\/acceso\/","url":"https:\/\/tachyon.es\/es\/acceso\/","name":"- Tachyon SL - consulting - ai - software - hardware - electr\u00f3nica - energ\u00eda - geotermia","isPartOf":{"@id":"https:\/\/tachyon.es\/es\/#website"},"primaryImageOfPage":{"@id":"https:\/\/tachyon.es\/es\/acceso\/#primaryimage"},"image":{"@id":"https:\/\/tachyon.es\/es\/acceso\/#primaryimage"},"thumbnailUrl":"https:\/\/tachyon.es\/es\/wp-content\/uploads\/2020\/10\/big-data-1024x682-2.jpg","datePublished":"2020-10-20T05:51:58+00:00","dateModified":"2020-10-27T18:42:16+00:00","inLanguage":"es","potentialAction":[{"@type":"ReadAction","target":["https:\/\/tachyon.es\/es\/acceso\/"]}]},{"@type":"ImageObject","inLanguage":"es","@id":"https:\/\/tachyon.es\/es\/acceso\/#primaryimage","url":"https:\/\/tachyon.es\/es\/wp-content\/uploads\/2020\/10\/big-data-1024x682-2.jpg","contentUrl":"https:\/\/tachyon.es\/es\/wp-content\/uploads\/2020\/10\/big-data-1024x682-2.jpg","width":1024,"height":682},{"@type":"WebSite","@id":"https:\/\/tachyon.es\/es\/#website","url":"https:\/\/tachyon.es\/es\/","name":"Tachyon SL - consulting - ai - software - hardware - electr\u00f3nica - energ\u00eda - geotermia","description":"F\u00edsica aplicada","publisher":{"@id":"https:\/\/tachyon.es\/es\/#organization"},"potentialAction":[{"@type":"SearchAction","target":{"@type":"EntryPoint","urlTemplate":"https:\/\/tachyon.es\/es\/?s={search_term_string}"},"query-input":{"@type":"PropertyValueSpecification","valueRequired":true,"valueName":"search_term_string"}}],"inLanguage":"es"},{"@type":"Organization","@id":"https:\/\/tachyon.es\/es\/#organization","name":"Tachyon SL","url":"https:\/\/tachyon.es\/es\/","logo":{"@type":"ImageObject","inLanguage":"es","@id":"https:\/\/tachyon.es\/es\/#\/schema\/logo\/image\/","url":"https:\/\/tachyon.es\/es\/wp-content\/uploads\/2020\/10\/tachyon-logo-2021-site-negro.png","contentUrl":"https:\/\/tachyon.es\/es\/wp-content\/uploads\/2020\/10\/tachyon-logo-2021-site-negro.png","width":200,"height":268,"caption":"Tachyon SL"},"image":{"@id":"https:\/\/tachyon.es\/es\/#\/schema\/logo\/image\/"}}]}},"_links":{"self":[{"href":"https:\/\/tachyon.es\/es\/wp-json\/wp\/v2\/pages\/452","targetHints":{"allow":["GET"]}}],"collection":[{"href":"https:\/\/tachyon.es\/es\/wp-json\/wp\/v2\/pages"}],"about":[{"href":"https:\/\/tachyon.es\/es\/wp-json\/wp\/v2\/types\/page"}],"author":[{"embeddable":true,"href":"https:\/\/tachyon.es\/es\/wp-json\/wp\/v2\/users\/1"}],"replies":[{"embeddable":true,"href":"https:\/\/tachyon.es\/es\/wp-json\/wp\/v2\/comments?post=452"}],"version-history":[{"count":4,"href":"https:\/\/tachyon.es\/es\/wp-json\/wp\/v2\/pages\/452\/revisions"}],"predecessor-version":[{"id":886,"href":"https:\/\/tachyon.es\/es\/wp-json\/wp\/v2\/pages\/452\/revisions\/886"}],"wp:attachment":[{"href":"https:\/\/tachyon.es\/es\/wp-json\/wp\/v2\/media?parent=452"}],"curies":[{"name":"wp","href":"https:\/\/api.w.org\/{rel}","templated":true}]}}