{"id":355,"date":"2020-10-19T16:03:28","date_gmt":"2020-10-19T16:03:28","guid":{"rendered":"https:\/\/tachyon.es\/es\/?page_id=355"},"modified":"2022-11-21T21:23:39","modified_gmt":"2022-11-21T20:23:39","slug":"contacto","status":"publish","type":"page","link":"https:\/\/tachyon.es\/es\/contacto\/","title":{"rendered":""},"content":{"rendered":"\n<div class=\"wpcf7 no-js\" id=\"wpcf7-f248-o1\" lang=\"es-ES\" dir=\"ltr\" data-wpcf7-id=\"248\">\n<div class=\"screen-reader-response\"><p role=\"status\" aria-live=\"polite\" aria-atomic=\"true\"><\/p> <ul><\/ul><\/div>\n<form action=\"\/es\/wp-json\/wp\/v2\/pages\/355#wpcf7-f248-o1\" method=\"post\" class=\"wpcf7-form init\" aria-label=\"Formulario de contacto\" novalidate=\"novalidate\" data-status=\"init\">\n<div style=\"display: none;\">\n<input type=\"hidden\" name=\"_wpcf7\" value=\"248\" \/>\n<input type=\"hidden\" name=\"_wpcf7_version\" value=\"6.0.6\" \/>\n<input type=\"hidden\" name=\"_wpcf7_locale\" value=\"es_ES\" \/>\n<input type=\"hidden\" name=\"_wpcf7_unit_tag\" value=\"wpcf7-f248-o1\" \/>\n<input type=\"hidden\" name=\"_wpcf7_container_post\" value=\"0\" \/>\n<input type=\"hidden\" name=\"_wpcf7_posted_data_hash\" value=\"\" \/>\n<\/div>\n<p><label> Nombre<br \/>\n<span class=\"wpcf7-form-control-wrap\" data-name=\"your-nombre\"><input size=\"40\" maxlength=\"400\" class=\"wpcf7-form-control wpcf7-text wpcf7-validates-as-required\" aria-required=\"true\" aria-invalid=\"false\" value=\"\" type=\"text\" name=\"your-nombre\" \/><\/span> <\/label>\n<\/p>\n<p><label> Apellidos<br \/>\n<span class=\"wpcf7-form-control-wrap\" data-name=\"your-apellidos\"><input size=\"40\" maxlength=\"400\" class=\"wpcf7-form-control wpcf7-text wpcf7-validates-as-required\" aria-required=\"true\" aria-invalid=\"false\" value=\"\" type=\"text\" name=\"your-apellidos\" \/><\/span> <\/label>\n<\/p>\n<p><label> Empresa<br \/>\n<span class=\"wpcf7-form-control-wrap\" data-name=\"your-empresa\"><input size=\"40\" maxlength=\"400\" class=\"wpcf7-form-control wpcf7-text\" aria-invalid=\"false\" value=\"\" type=\"text\" name=\"your-empresa\" \/><\/span> <\/label>\n<\/p>\n<p><label> Web<br \/>\n<span class=\"wpcf7-form-control-wrap\" data-name=\"your-web\"><input size=\"40\" maxlength=\"400\" class=\"wpcf7-form-control wpcf7-text\" aria-invalid=\"false\" value=\"\" type=\"text\" name=\"your-web\" \/><\/span> <\/label>\n<\/p>\n<p><label> Correo electr\u00f3nico<br \/>\n<span class=\"wpcf7-form-control-wrap\" data-name=\"your-email\"><input size=\"40\" maxlength=\"400\" class=\"wpcf7-form-control wpcf7-email wpcf7-validates-as-required wpcf7-text wpcf7-validates-as-email\" aria-required=\"true\" aria-invalid=\"false\" value=\"\" type=\"email\" name=\"your-email\" \/><\/span> <\/label>\n<\/p>\n<p><label> Tel\u00e9fono<br \/>\n<span class=\"wpcf7-form-control-wrap\" data-name=\"your-telefono\"><input size=\"40\" maxlength=\"400\" class=\"wpcf7-form-control wpcf7-text wpcf7-validates-as-required\" aria-required=\"true\" aria-invalid=\"false\" value=\"\" type=\"text\" name=\"your-telefono\" \/><\/span> <\/label>\n<\/p>\n<p><label> Calle<br \/>\n<span class=\"wpcf7-form-control-wrap\" data-name=\"your-calle\"><input size=\"40\" maxlength=\"400\" class=\"wpcf7-form-control wpcf7-text wpcf7-validates-as-required\" aria-required=\"true\" aria-invalid=\"false\" value=\"\" type=\"text\" name=\"your-calle\" \/><\/span> <\/label>\n<\/p>\n<p><label> N\u00famero<br \/>\n<span class=\"wpcf7-form-control-wrap\" data-name=\"your-numero\"><input size=\"40\" maxlength=\"400\" class=\"wpcf7-form-control wpcf7-text wpcf7-validates-as-required\" aria-required=\"true\" aria-invalid=\"false\" value=\"\" type=\"text\" name=\"your-numero\" \/><\/span> <\/label>\n<\/p>\n<p><label> C\u00f3digo postal<br \/>\n<span class=\"wpcf7-form-control-wrap\" data-name=\"your-codigopostal\"><input size=\"40\" maxlength=\"400\" class=\"wpcf7-form-control wpcf7-text wpcf7-validates-as-required\" aria-required=\"true\" aria-invalid=\"false\" value=\"\" type=\"text\" name=\"your-codigopostal\" \/><\/span> <\/label>\n<\/p>\n<p><label> Poblaci\u00f3n<br \/>\n<span class=\"wpcf7-form-control-wrap\" data-name=\"your-poblacion\"><input size=\"40\" maxlength=\"400\" class=\"wpcf7-form-control wpcf7-text wpcf7-validates-as-required\" aria-required=\"true\" aria-invalid=\"false\" value=\"\" type=\"text\" name=\"your-poblacion\" \/><\/span> <\/label>\n<\/p>\n<p><label> Pa\u00eds<br \/>\n<span class=\"wpcf7-form-control-wrap\" data-name=\"your-pais\"><input size=\"40\" maxlength=\"400\" class=\"wpcf7-form-control wpcf7-text wpcf7-validates-as-required\" aria-required=\"true\" aria-invalid=\"false\" value=\"\" type=\"text\" name=\"your-pais\" \/><\/span> <\/label>\n<\/p>\n<p><label> Asunto<br \/>\n<span class=\"wpcf7-form-control-wrap\" data-name=\"your-asunto\"><input size=\"40\" maxlength=\"400\" class=\"wpcf7-form-control wpcf7-text wpcf7-validates-as-required\" aria-required=\"true\" aria-invalid=\"false\" value=\"\" type=\"text\" name=\"your-asunto\" \/><\/span> <\/label>\n<\/p>\n<p><label> Mensaje<br \/>\n<span class=\"wpcf7-form-control-wrap\" data-name=\"your-mensaje\"><textarea cols=\"40\" rows=\"10\" maxlength=\"2000\" class=\"wpcf7-form-control wpcf7-textarea wpcf7-validates-as-required\" aria-required=\"true\" aria-invalid=\"false\" name=\"your-mensaje\"><\/textarea><\/span> <\/label>\n<\/p>\n<p><div id=\"cf7sr-69de1aceec1e6\" class=\"cf7sr-g-recaptcha\" data-theme=\"light\" data-type=\"image\" data-size=\"normal\" data-sitekey=\"6LcKKSYjAAAAAC3xKGP4GfG9iKV-LYrKyq-AfKFJ\"><\/div><span class=\"wpcf7-form-control-wrap cf7sr-recaptcha\" data-name=\"cf7sr-recaptcha\"><input type=\"hidden\" name=\"cf7sr-recaptcha\" value=\"\" class=\"wpcf7-form-control\"><\/span>\n<\/p>\n<p><input class=\"wpcf7-form-control wpcf7-submit has-spinner\" type=\"submit\" value=\"Enviar\" \/>\n<\/p><p style=\"display: none !important;\" class=\"akismet-fields-container\" data-prefix=\"_wpcf7_ak_\"><label>&#916;<textarea name=\"_wpcf7_ak_hp_textarea\" cols=\"45\" rows=\"8\" maxlength=\"100\"><\/textarea><\/label><input type=\"hidden\" id=\"ak_js_1\" name=\"_wpcf7_ak_js\" value=\"223\"\/><script>document.getElementById( \"ak_js_1\" ).setAttribute( \"value\", ( new Date() ).getTime() );<\/script><\/p><div class=\"wpcf7-response-output\" aria-hidden=\"true\"><\/div>\n<\/form>\n<\/div>\n\n\n\n\n<p><div id=\"qrcode\">Guarde en su tel\u00e9fono la vCard de Tachyon<br> <img decoding=\"async\" src=\"https:\/\/www.codigos-qr.com\/qr\/php\/qr_img.php?d=BEGIN%3AVCARD%0AN%3ATachyon+SL%0ATITLE%3A%0AORG%3A%0AADDR%3AMallorca+17.+03110+Mutxamel.+Spain%0ATEL%3A%2B41+%280%2976+607+17+67%0AEMAIL%3Ainfo%40tachyon.es%0AURL%3Ahttps%3A%2F%2Ftachyon.es%0AEND%3AVCARD&amp;s=4&amp;e=\" alt=\"Generador de C\u00f3digos QR Codes\"><\/div><\/p>\n","protected":false},"excerpt":{"rendered":"<p>Guarde en su tel\u00e9fono la vCard de Tachyon<\/p>\n","protected":false},"author":1,"featured_media":0,"parent":0,"menu_order":0,"comment_status":"closed","ping_status":"closed","template":"","meta":{"footnotes":""},"class_list":["post-355","page","type-page","status-publish","hentry"],"yoast_head":"<!-- This site is optimized with the Yoast SEO plugin v25.3 - https:\/\/yoast.com\/wordpress\/plugins\/seo\/ -->\n<title>- Tachyon SL - consulting - ai - software - hardware - electr\u00f3nica - energ\u00eda - geotermia<\/title>\n<meta name=\"robots\" content=\"index, follow, max-snippet:-1, max-image-preview:large, max-video-preview:-1\" \/>\n<link rel=\"canonical\" href=\"https:\/\/tachyon.es\/es\/contacto\/\" \/>\n<meta property=\"og:locale\" content=\"es_ES\" \/>\n<meta property=\"og:type\" content=\"article\" \/>\n<meta property=\"og:title\" content=\"- Tachyon SL - consulting - ai - software - hardware - electr\u00f3nica - energ\u00eda - geotermia\" \/>\n<meta property=\"og:description\" content=\"Guarde en su tel\u00e9fono la vCard de Tachyon\" \/>\n<meta property=\"og:url\" content=\"https:\/\/tachyon.es\/es\/contacto\/\" \/>\n<meta property=\"og:site_name\" content=\"Tachyon SL - consulting - ai - software - hardware - electr\u00f3nica - energ\u00eda - geotermia\" \/>\n<meta property=\"article:modified_time\" content=\"2022-11-21T20:23:39+00:00\" \/>\n<meta property=\"og:image\" content=\"https:\/\/www.codigos-qr.com\/qr\/php\/qr_img.php?d=BEGIN%3AVCARDN%3ATachyon+SLTITLE%3AORG%3AADDR%3AMallorca+17.+03110+Mutxamel.+SpainTEL%3A%2B41+%280%2976+607+17+67EMAIL%3Ainfo%40tachyon.esURL%3Ahttps%3A%2F%2Ftachyon.esEND%3AVCARD&amp;s=4&amp;e=\" \/>\n<meta name=\"twitter:card\" content=\"summary_large_image\" \/>\n<meta name=\"twitter:label1\" content=\"Tiempo de lectura\" \/>\n\t<meta name=\"twitter:data1\" content=\"1 minuto\" \/>\n<script type=\"application\/ld+json\" class=\"yoast-schema-graph\">{\"@context\":\"https:\/\/schema.org\",\"@graph\":[{\"@type\":\"WebPage\",\"@id\":\"https:\/\/tachyon.es\/es\/contacto\/\",\"url\":\"https:\/\/tachyon.es\/es\/contacto\/\",\"name\":\"- Tachyon SL - consulting - ai - software - hardware - electr\u00f3nica - energ\u00eda - geotermia\",\"isPartOf\":{\"@id\":\"https:\/\/tachyon.es\/es\/#website\"},\"primaryImageOfPage\":{\"@id\":\"https:\/\/tachyon.es\/es\/contacto\/#primaryimage\"},\"image\":{\"@id\":\"https:\/\/tachyon.es\/es\/contacto\/#primaryimage\"},\"thumbnailUrl\":\"https:\/\/www.codigos-qr.com\/qr\/php\/qr_img.php?d=BEGIN%3AVCARD%0AN%3ATachyon+SL%0ATITLE%3A%0AORG%3A%0AADDR%3AMallorca+17.+03110+Mutxamel.+Spain%0ATEL%3A%2B41+%280%2976+607+17+67%0AEMAIL%3Ainfo%40tachyon.es%0AURL%3Ahttps%3A%2F%2Ftachyon.es%0AEND%3AVCARD&amp;s=4&amp;e=\",\"datePublished\":\"2020-10-19T16:03:28+00:00\",\"dateModified\":\"2022-11-21T20:23:39+00:00\",\"inLanguage\":\"es\",\"potentialAction\":[{\"@type\":\"ReadAction\",\"target\":[\"https:\/\/tachyon.es\/es\/contacto\/\"]}]},{\"@type\":\"ImageObject\",\"inLanguage\":\"es\",\"@id\":\"https:\/\/tachyon.es\/es\/contacto\/#primaryimage\",\"url\":\"https:\/\/www.codigos-qr.com\/qr\/php\/qr_img.php?d=BEGIN%3AVCARD%0AN%3ATachyon+SL%0ATITLE%3A%0AORG%3A%0AADDR%3AMallorca+17.+03110+Mutxamel.+Spain%0ATEL%3A%2B41+%280%2976+607+17+67%0AEMAIL%3Ainfo%40tachyon.es%0AURL%3Ahttps%3A%2F%2Ftachyon.es%0AEND%3AVCARD&amp;s=4&amp;e=\",\"contentUrl\":\"https:\/\/www.codigos-qr.com\/qr\/php\/qr_img.php?d=BEGIN%3AVCARD%0AN%3ATachyon+SL%0ATITLE%3A%0AORG%3A%0AADDR%3AMallorca+17.+03110+Mutxamel.+Spain%0ATEL%3A%2B41+%280%2976+607+17+67%0AEMAIL%3Ainfo%40tachyon.es%0AURL%3Ahttps%3A%2F%2Ftachyon.es%0AEND%3AVCARD&amp;s=4&amp;e=\"},{\"@type\":\"WebSite\",\"@id\":\"https:\/\/tachyon.es\/es\/#website\",\"url\":\"https:\/\/tachyon.es\/es\/\",\"name\":\"Tachyon SL - consulting - ai - software - hardware - electr\u00f3nica - energ\u00eda - geotermia\",\"description\":\"F\u00edsica aplicada\",\"publisher\":{\"@id\":\"https:\/\/tachyon.es\/es\/#organization\"},\"potentialAction\":[{\"@type\":\"SearchAction\",\"target\":{\"@type\":\"EntryPoint\",\"urlTemplate\":\"https:\/\/tachyon.es\/es\/?s={search_term_string}\"},\"query-input\":{\"@type\":\"PropertyValueSpecification\",\"valueRequired\":true,\"valueName\":\"search_term_string\"}}],\"inLanguage\":\"es\"},{\"@type\":\"Organization\",\"@id\":\"https:\/\/tachyon.es\/es\/#organization\",\"name\":\"Tachyon SL\",\"url\":\"https:\/\/tachyon.es\/es\/\",\"logo\":{\"@type\":\"ImageObject\",\"inLanguage\":\"es\",\"@id\":\"https:\/\/tachyon.es\/es\/#\/schema\/logo\/image\/\",\"url\":\"https:\/\/tachyon.es\/es\/wp-content\/uploads\/2020\/10\/tachyon-logo-2021-site-negro.png\",\"contentUrl\":\"https:\/\/tachyon.es\/es\/wp-content\/uploads\/2020\/10\/tachyon-logo-2021-site-negro.png\",\"width\":200,\"height\":268,\"caption\":\"Tachyon SL\"},\"image\":{\"@id\":\"https:\/\/tachyon.es\/es\/#\/schema\/logo\/image\/\"}}]}<\/script>\n<!-- \/ Yoast SEO plugin. -->","yoast_head_json":{"title":"- Tachyon SL - consulting - ai - software - hardware - electr\u00f3nica - energ\u00eda - geotermia","robots":{"index":"index","follow":"follow","max-snippet":"max-snippet:-1","max-image-preview":"max-image-preview:large","max-video-preview":"max-video-preview:-1"},"canonical":"https:\/\/tachyon.es\/es\/contacto\/","og_locale":"es_ES","og_type":"article","og_title":"- Tachyon SL - consulting - ai - software - hardware - electr\u00f3nica - energ\u00eda - geotermia","og_description":"Guarde en su tel\u00e9fono la vCard de Tachyon","og_url":"https:\/\/tachyon.es\/es\/contacto\/","og_site_name":"Tachyon SL - consulting - ai - software - hardware - electr\u00f3nica - energ\u00eda - geotermia","article_modified_time":"2022-11-21T20:23:39+00:00","og_image":[{"url":"https:\/\/www.codigos-qr.com\/qr\/php\/qr_img.php?d=BEGIN%3AVCARD%0AN%3ATachyon+SL%0ATITLE%3A%0AORG%3A%0AADDR%3AMallorca+17.+03110+Mutxamel.+Spain%0ATEL%3A%2B41+%280%2976+607+17+67%0AEMAIL%3Ainfo%40tachyon.es%0AURL%3Ahttps%3A%2F%2Ftachyon.es%0AEND%3AVCARD&amp;s=4&amp;e=","type":"","width":"","height":""}],"twitter_card":"summary_large_image","twitter_misc":{"Tiempo de lectura":"1 minuto"},"schema":{"@context":"https:\/\/schema.org","@graph":[{"@type":"WebPage","@id":"https:\/\/tachyon.es\/es\/contacto\/","url":"https:\/\/tachyon.es\/es\/contacto\/","name":"- Tachyon SL - consulting - ai - software - hardware - electr\u00f3nica - energ\u00eda - geotermia","isPartOf":{"@id":"https:\/\/tachyon.es\/es\/#website"},"primaryImageOfPage":{"@id":"https:\/\/tachyon.es\/es\/contacto\/#primaryimage"},"image":{"@id":"https:\/\/tachyon.es\/es\/contacto\/#primaryimage"},"thumbnailUrl":"https:\/\/www.codigos-qr.com\/qr\/php\/qr_img.php?d=BEGIN%3AVCARD%0AN%3ATachyon+SL%0ATITLE%3A%0AORG%3A%0AADDR%3AMallorca+17.+03110+Mutxamel.+Spain%0ATEL%3A%2B41+%280%2976+607+17+67%0AEMAIL%3Ainfo%40tachyon.es%0AURL%3Ahttps%3A%2F%2Ftachyon.es%0AEND%3AVCARD&amp;s=4&amp;e=","datePublished":"2020-10-19T16:03:28+00:00","dateModified":"2022-11-21T20:23:39+00:00","inLanguage":"es","potentialAction":[{"@type":"ReadAction","target":["https:\/\/tachyon.es\/es\/contacto\/"]}]},{"@type":"ImageObject","inLanguage":"es","@id":"https:\/\/tachyon.es\/es\/contacto\/#primaryimage","url":"https:\/\/www.codigos-qr.com\/qr\/php\/qr_img.php?d=BEGIN%3AVCARD%0AN%3ATachyon+SL%0ATITLE%3A%0AORG%3A%0AADDR%3AMallorca+17.+03110+Mutxamel.+Spain%0ATEL%3A%2B41+%280%2976+607+17+67%0AEMAIL%3Ainfo%40tachyon.es%0AURL%3Ahttps%3A%2F%2Ftachyon.es%0AEND%3AVCARD&amp;s=4&amp;e=","contentUrl":"https:\/\/www.codigos-qr.com\/qr\/php\/qr_img.php?d=BEGIN%3AVCARD%0AN%3ATachyon+SL%0ATITLE%3A%0AORG%3A%0AADDR%3AMallorca+17.+03110+Mutxamel.+Spain%0ATEL%3A%2B41+%280%2976+607+17+67%0AEMAIL%3Ainfo%40tachyon.es%0AURL%3Ahttps%3A%2F%2Ftachyon.es%0AEND%3AVCARD&amp;s=4&amp;e="},{"@type":"WebSite","@id":"https:\/\/tachyon.es\/es\/#website","url":"https:\/\/tachyon.es\/es\/","name":"Tachyon SL - consulting - ai - software - hardware - electr\u00f3nica - energ\u00eda - geotermia","description":"F\u00edsica aplicada","publisher":{"@id":"https:\/\/tachyon.es\/es\/#organization"},"potentialAction":[{"@type":"SearchAction","target":{"@type":"EntryPoint","urlTemplate":"https:\/\/tachyon.es\/es\/?s={search_term_string}"},"query-input":{"@type":"PropertyValueSpecification","valueRequired":true,"valueName":"search_term_string"}}],"inLanguage":"es"},{"@type":"Organization","@id":"https:\/\/tachyon.es\/es\/#organization","name":"Tachyon SL","url":"https:\/\/tachyon.es\/es\/","logo":{"@type":"ImageObject","inLanguage":"es","@id":"https:\/\/tachyon.es\/es\/#\/schema\/logo\/image\/","url":"https:\/\/tachyon.es\/es\/wp-content\/uploads\/2020\/10\/tachyon-logo-2021-site-negro.png","contentUrl":"https:\/\/tachyon.es\/es\/wp-content\/uploads\/2020\/10\/tachyon-logo-2021-site-negro.png","width":200,"height":268,"caption":"Tachyon SL"},"image":{"@id":"https:\/\/tachyon.es\/es\/#\/schema\/logo\/image\/"}}]}},"_links":{"self":[{"href":"https:\/\/tachyon.es\/es\/wp-json\/wp\/v2\/pages\/355","targetHints":{"allow":["GET"]}}],"collection":[{"href":"https:\/\/tachyon.es\/es\/wp-json\/wp\/v2\/pages"}],"about":[{"href":"https:\/\/tachyon.es\/es\/wp-json\/wp\/v2\/types\/page"}],"author":[{"embeddable":true,"href":"https:\/\/tachyon.es\/es\/wp-json\/wp\/v2\/users\/1"}],"replies":[{"embeddable":true,"href":"https:\/\/tachyon.es\/es\/wp-json\/wp\/v2\/comments?post=355"}],"version-history":[{"count":6,"href":"https:\/\/tachyon.es\/es\/wp-json\/wp\/v2\/pages\/355\/revisions"}],"predecessor-version":[{"id":1799,"href":"https:\/\/tachyon.es\/es\/wp-json\/wp\/v2\/pages\/355\/revisions\/1799"}],"wp:attachment":[{"href":"https:\/\/tachyon.es\/es\/wp-json\/wp\/v2\/media?parent=355"}],"curies":[{"name":"wp","href":"https:\/\/api.w.org\/{rel}","templated":true}]}}