{"id":348,"date":"2020-10-19T15:50:16","date_gmt":"2020-10-19T15:50:16","guid":{"rendered":"https:\/\/tachyon.es\/es\/?page_id=348"},"modified":"2023-05-21T10:28:01","modified_gmt":"2023-05-21T08:28:01","slug":"tachyon","status":"publish","type":"page","link":"https:\/\/tachyon.es\/es\/tachyon\/","title":{"rendered":""},"content":{"rendered":"\n<p><strong>Empresa<\/strong><\/p>\n\n\n\n<p>A\u00fan siendo pionera en Suiza, la empresa Tachyon SL nace y tiene su sede central en Alicante, Espa\u00f1a, desde donde tiene como una de sus finalidades, servir como embajadora de la calidad tecnol\u00f3gica suiza, espa\u00f1ola y europea.<\/p>\n\n\n\n<ul class=\"wp-block-list\"><li><strong>Visi\u00f3n<\/strong>: Implementar la f\u00edsica aplicada en todos los procesos y sectores industriales.<\/li><li><strong>Misi\u00f3n<\/strong>: Innovar con el objetivo de aumentar la eficiencia y la eficacia de todos los procesos industriales, aplicando la f\u00edsica.<\/li><\/ul>\n\n\n\n<p><\/p>\n\n\n\n<p><strong>Servicios y productos<\/strong><\/p>\n\n\n\n<ul class=\"wp-block-list\"><li><a href=\"https:\/\/tachyon.es\/es\/blog\/category\/producto\/\">Lista de nuestros productos<\/a>.<\/li><li><a href=\"https:\/\/tachyon.es\/es\/blog\/category\/servicio\/\">Lista de nuestros servicios profesionales<\/a>.<\/li><\/ul>\n\n\n\n<p><strong>Representaciones y distribuciones exclusivas<\/strong><\/p>\n\n\n\n<ul class=\"wp-block-list\"><li>Servicios y productos <a href=\"https:\/\/tachyon.es\">Tachyon<\/a>, en todos los pa\u00edses.<\/li><\/ul>\n\n\n\n<p><strong>Actividad<\/strong><\/p>\n\n\n\n<ul class=\"wp-block-list\"><li>F\u00edsica aplicada en todos los sectores y procesos industriales.<\/li><li>Bioinform\u00e1tica, biotecnolog\u00eda, desarrollamos e implementamos software y hardware a medida, para la biolog\u00eda y la medicina.<\/li><li>Capturamos con precisi\u00f3n se\u00f1ales anal\u00f3gicas del mundo real y las convertimos en datos digitales manejables (Convertidor de anal\u00f3gico a digital ADC, A\/D o A-to-D).<\/li><li>Fabricamos todos nuestros productos electr\u00f3nicos y fot\u00f3nicos, Conversor anal\u00f3gico a digital, ADC, A\/D o A-to-D, y convertidores fot\u00f3nicos DTS y DSS.<\/li><li>Programamos todo nuestro software.<\/li><li>Desarrollamos nuestra propia tecnolog\u00eda IoT (Internet de las Cosas). Digitalizamos y conectamos a Internet todo tipo de objetos anal\u00f3gicos o electr\u00f3nicos, instrumentos, aplicaciones o sistemas.<\/li><li>Fabricamos instrumentos, dispositivos de medici\u00f3n de alta precisi\u00f3n y convertidores de anal\u00f3gico a digital, ADC, A\/D o A-to-D.<\/li><li>Fabricamos ad hoc, dispositivos electr\u00f3nicos y fot\u00f3nicos, para metrolog\u00eda y fot\u00f3nica, detecci\u00f3n de temperatura distribuida DTS basada en Raman. Detecci\u00f3n de deformaci\u00f3n distribuida DTS y DSS basada en Brillouin. Sensores \u00f3pticos. Fibra \u00f3ptica. L\u00e1ser. Biosensores biofot\u00f3nicos.<\/li><li>Fabricamos sensores, detectores y medidores de alta precisi\u00f3n y fiabilidad, para cualquier tipo de gases o part\u00edculas en suspensi\u00f3n, seg\u00fan sus necesidades, entre ellos el CO<sub>2<\/sub>, todos nuestros instrumentos digitales est\u00e1n conectados a Internet (IoT) y son totalmente personalizables.<\/li><li>Programamos software cient\u00edfico y sus propias soluciones profesionales, para capturar con precisi\u00f3n cualquier manifestaci\u00f3n f\u00edsica anal\u00f3gica del mundo real y transformarla en valor digital, para poder gestionar y pilotar cualquier proceso.<\/li><li>Aplicamos a bases de datos, las t\u00e9cnicas m\u00e1s avanzadas en Big Data, para mantener y proteger todos los datos digitales almacenados en bases de datos, todo esto para poder visualizarlos correctamente y en tiempo real en modo gr\u00e1ficos 3D y 4D.<\/li><li>Nuestra tecnolog\u00eda ad hoc y software a medida, son capaces de controlar PLC con precisi\u00f3n, l\u00edneas de montaje y sistemas rob\u00f3ticos, esto para optimizar y aumentar la producci\u00f3n de instalaciones en diversos campos industriales.<\/li><li>Todos nuestros productos, tanto hardware como software, est\u00e1n desarrollados y fabricados en Espa\u00f1a y en Suiza.<\/li><li>Innovamos constantemente.<\/li><\/ul>\n\n\n\n<p><strong>Sectores<\/strong><\/p>\n\n\n\n<p>F\u00edsica aplicada, Geotermia, Energ\u00eda, Geolog\u00eda, Biolog\u00eda, Medicina, Bioinform\u00e1tica, Biotecnolog\u00eda, IoT, TI, AI, Industrial, Big Data, Programaci\u00f3n, Solar, PV, PVT, Turbina e\u00f3lica, M\u00eda, Climatizaci\u00f3n, Calefacci\u00f3n, Ventilaci\u00f3n, Saneamiento, DAQ, Protecci\u00f3n predictiva contra incendios, Proteccion, Seguridad, Rescate, Veh\u00edculos, N\u00e1utica, Aeron\u00e1utica y otros procesos industriales.<\/p>\n\n\n\n<p><\/p>\n\n\n\n<p><strong>Obras realizadas<\/strong><\/p>\n\n\n\n<p><a href=\"https:\/\/tachyon.es\/es\/blog\/category\/obra\/\">Lista de algunas de nuestras obras realizadas<\/a>.<\/p>\n\n\n\n<p><\/p>\n\n\n\n<p><strong>Zona de actividad<\/strong><\/p>\n\n\n\n<p>Ofrecemos nuestros servicios profesionales y distribuimos nuestros productos Tachyon en todos los pa\u00edses.<\/p>\n\n\n\n<p><strong>Contribuciones<\/strong><\/p>\n\n\n\n<p>Contribuimos a la lucha contra la COVID-19<\/p>\n\n\n\n<figure class=\"wp-block-image size-large is-resized\"><a href=\"https:\/\/tachyon.es\/es\/fight-covid-19\/\"><img loading=\"lazy\" decoding=\"async\" src=\"https:\/\/tachyon.es\/es\/wp-content\/uploads\/2020\/10\/tachyon-covid-19-ad-v15.png\" alt=\"\" class=\"wp-image-967\" width=\"364\" height=\"45\" srcset=\"https:\/\/tachyon.es\/es\/wp-content\/uploads\/2020\/10\/tachyon-covid-19-ad-v15.png 727w, https:\/\/tachyon.es\/es\/wp-content\/uploads\/2020\/10\/tachyon-covid-19-ad-v15-300x37.png 300w\" sizes=\"auto, (max-width: 364px) 100vw, 364px\" \/><\/a><\/figure>\n\n\n\n<p><strong>Tachyon SL<\/strong><\/p>\n\n\n\n<p>Empresa adherida a:<\/p>\n\n\n<div class=\"wp-block-image\">\n<figure class=\"aligncenter size-full\"><img loading=\"lazy\" decoding=\"async\" width=\"3880\" height=\"200\" src=\"https:\/\/tachyon.es\/es\/wp-content\/uploads\/2021\/04\/CH-v2-of-1-para-fondos-blancos.png\" alt=\"\" class=\"wp-image-1461\" srcset=\"https:\/\/tachyon.es\/es\/wp-content\/uploads\/2021\/04\/CH-v2-of-1-para-fondos-blancos.png 3880w, https:\/\/tachyon.es\/es\/wp-content\/uploads\/2021\/04\/CH-v2-of-1-para-fondos-blancos-300x15.png 300w, https:\/\/tachyon.es\/es\/wp-content\/uploads\/2021\/04\/CH-v2-of-1-para-fondos-blancos-1024x53.png 1024w, https:\/\/tachyon.es\/es\/wp-content\/uploads\/2021\/04\/CH-v2-of-1-para-fondos-blancos-768x40.png 768w, https:\/\/tachyon.es\/es\/wp-content\/uploads\/2021\/04\/CH-v2-of-1-para-fondos-blancos-1536x79.png 1536w, https:\/\/tachyon.es\/es\/wp-content\/uploads\/2021\/04\/CH-v2-of-1-para-fondos-blancos-2048x106.png 2048w\" sizes=\"auto, (max-width: 3880px) 100vw, 3880px\" \/><\/figure><\/div>\n\n\n<p><\/p>\n","protected":false},"excerpt":{"rendered":"<p>Empresa A\u00fan siendo pionera en Suiza, la empresa Tachyon SL nace y tiene su sede central en Alicante, Espa\u00f1a, desde donde tiene como una de sus finalidades, servir como&hellip; <\/p>\n","protected":false},"author":1,"featured_media":241,"parent":0,"menu_order":0,"comment_status":"closed","ping_status":"closed","template":"","meta":{"footnotes":""},"class_list":["post-348","page","type-page","status-publish","has-post-thumbnail","hentry"],"yoast_head":"<!-- This site is optimized with the Yoast SEO plugin v25.3 - https:\/\/yoast.com\/wordpress\/plugins\/seo\/ -->\n<title>- Tachyon SL - consulting - ai - software - hardware - electr\u00f3nica - energ\u00eda - geotermia<\/title>\n<meta name=\"description\" content=\"A\u00fan siendo pionera en Suiza, la empresa Tachyon nace y tiene su sede central en Alicante, Espa\u00f1a, desde donde tiene como una de sus finalidades, servir como embajadora de la calidad tecnol\u00f3gica suiza y europea. Visi\u00f3n: Implementar la f\u00edsica aplicada en todos los procesos y sectores industriales. Misi\u00f3n: Innovar con el objetivo de aumentar la eficiencia y la eficacia de todos los procesos industriales, aplicando la f\u00edsica a la energ\u00eda, la geotermia, la geolog\u00eda, la biolog\u00eda...\" \/>\n<meta name=\"robots\" content=\"index, follow, max-snippet:-1, max-image-preview:large, max-video-preview:-1\" \/>\n<link rel=\"canonical\" href=\"https:\/\/tachyon.es\/es\/tachyon\/\" \/>\n<meta property=\"og:locale\" content=\"es_ES\" \/>\n<meta property=\"og:type\" content=\"article\" \/>\n<meta property=\"og:title\" content=\"- Tachyon SL - consulting - ai - software - hardware - electr\u00f3nica - energ\u00eda - geotermia\" \/>\n<meta property=\"og:description\" content=\"A\u00fan siendo pionera en Suiza, la empresa Tachyon nace y tiene su sede central en Alicante, Espa\u00f1a, desde donde tiene como una de sus finalidades, servir como embajadora de la calidad tecnol\u00f3gica suiza y europea. Visi\u00f3n: Implementar la f\u00edsica aplicada en todos los procesos y sectores industriales. Misi\u00f3n: Innovar con el objetivo de aumentar la eficiencia y la eficacia de todos los procesos industriales, aplicando la f\u00edsica a la energ\u00eda, la geotermia, la geolog\u00eda, la biolog\u00eda...\" \/>\n<meta property=\"og:url\" content=\"https:\/\/tachyon.es\/es\/tachyon\/\" \/>\n<meta property=\"og:site_name\" content=\"Tachyon SL - consulting - ai - software - hardware - electr\u00f3nica - energ\u00eda - geotermia\" \/>\n<meta property=\"article:modified_time\" content=\"2023-05-21T08:28:01+00:00\" \/>\n<meta property=\"og:image\" content=\"https:\/\/tachyon.es\/es\/wp-content\/uploads\/2020\/10\/abc-1.jpg\" \/>\n\t<meta property=\"og:image:width\" content=\"600\" \/>\n\t<meta property=\"og:image:height\" content=\"600\" \/>\n\t<meta property=\"og:image:type\" content=\"image\/jpeg\" \/>\n<meta name=\"twitter:card\" content=\"summary_large_image\" \/>\n<meta name=\"twitter:label1\" content=\"Tiempo de lectura\" \/>\n\t<meta name=\"twitter:data1\" content=\"3 minutos\" \/>\n<script type=\"application\/ld+json\" class=\"yoast-schema-graph\">{\"@context\":\"https:\/\/schema.org\",\"@graph\":[{\"@type\":\"WebPage\",\"@id\":\"https:\/\/tachyon.es\/es\/tachyon\/\",\"url\":\"https:\/\/tachyon.es\/es\/tachyon\/\",\"name\":\"- Tachyon SL - consulting - ai - software - hardware - electr\u00f3nica - energ\u00eda - geotermia\",\"isPartOf\":{\"@id\":\"https:\/\/tachyon.es\/es\/#website\"},\"primaryImageOfPage\":{\"@id\":\"https:\/\/tachyon.es\/es\/tachyon\/#primaryimage\"},\"image\":{\"@id\":\"https:\/\/tachyon.es\/es\/tachyon\/#primaryimage\"},\"thumbnailUrl\":\"https:\/\/tachyon.es\/es\/wp-content\/uploads\/2020\/10\/abc-1.jpg\",\"datePublished\":\"2020-10-19T15:50:16+00:00\",\"dateModified\":\"2023-05-21T08:28:01+00:00\",\"description\":\"A\u00fan siendo pionera en Suiza, la empresa Tachyon nace y tiene su sede central en Alicante, Espa\u00f1a, desde donde tiene como una de sus finalidades, servir como embajadora de la calidad tecnol\u00f3gica suiza y europea. Visi\u00f3n: Implementar la f\u00edsica aplicada en todos los procesos y sectores industriales. Misi\u00f3n: Innovar con el objetivo de aumentar la eficiencia y la eficacia de todos los procesos industriales, aplicando la f\u00edsica a la energ\u00eda, la geotermia, la geolog\u00eda, la biolog\u00eda...\",\"inLanguage\":\"es\",\"potentialAction\":[{\"@type\":\"ReadAction\",\"target\":[\"https:\/\/tachyon.es\/es\/tachyon\/\"]}]},{\"@type\":\"ImageObject\",\"inLanguage\":\"es\",\"@id\":\"https:\/\/tachyon.es\/es\/tachyon\/#primaryimage\",\"url\":\"https:\/\/tachyon.es\/es\/wp-content\/uploads\/2020\/10\/abc-1.jpg\",\"contentUrl\":\"https:\/\/tachyon.es\/es\/wp-content\/uploads\/2020\/10\/abc-1.jpg\",\"width\":600,\"height\":600},{\"@type\":\"WebSite\",\"@id\":\"https:\/\/tachyon.es\/es\/#website\",\"url\":\"https:\/\/tachyon.es\/es\/\",\"name\":\"Tachyon SL - consulting - ai - software - hardware - electr\u00f3nica - energ\u00eda - geotermia\",\"description\":\"F\u00edsica aplicada\",\"publisher\":{\"@id\":\"https:\/\/tachyon.es\/es\/#organization\"},\"potentialAction\":[{\"@type\":\"SearchAction\",\"target\":{\"@type\":\"EntryPoint\",\"urlTemplate\":\"https:\/\/tachyon.es\/es\/?s={search_term_string}\"},\"query-input\":{\"@type\":\"PropertyValueSpecification\",\"valueRequired\":true,\"valueName\":\"search_term_string\"}}],\"inLanguage\":\"es\"},{\"@type\":\"Organization\",\"@id\":\"https:\/\/tachyon.es\/es\/#organization\",\"name\":\"Tachyon SL\",\"url\":\"https:\/\/tachyon.es\/es\/\",\"logo\":{\"@type\":\"ImageObject\",\"inLanguage\":\"es\",\"@id\":\"https:\/\/tachyon.es\/es\/#\/schema\/logo\/image\/\",\"url\":\"https:\/\/tachyon.es\/es\/wp-content\/uploads\/2020\/10\/tachyon-logo-2021-site-negro.png\",\"contentUrl\":\"https:\/\/tachyon.es\/es\/wp-content\/uploads\/2020\/10\/tachyon-logo-2021-site-negro.png\",\"width\":200,\"height\":268,\"caption\":\"Tachyon SL\"},\"image\":{\"@id\":\"https:\/\/tachyon.es\/es\/#\/schema\/logo\/image\/\"}}]}<\/script>\n<!-- \/ Yoast SEO plugin. -->","yoast_head_json":{"title":"- Tachyon SL - consulting - ai - software - hardware - electr\u00f3nica - energ\u00eda - geotermia","description":"A\u00fan siendo pionera en Suiza, la empresa Tachyon nace y tiene su sede central en Alicante, Espa\u00f1a, desde donde tiene como una de sus finalidades, servir como embajadora de la calidad tecnol\u00f3gica suiza y europea. Visi\u00f3n: Implementar la f\u00edsica aplicada en todos los procesos y sectores industriales. Misi\u00f3n: Innovar con el objetivo de aumentar la eficiencia y la eficacia de todos los procesos industriales, aplicando la f\u00edsica a la energ\u00eda, la geotermia, la geolog\u00eda, la biolog\u00eda...","robots":{"index":"index","follow":"follow","max-snippet":"max-snippet:-1","max-image-preview":"max-image-preview:large","max-video-preview":"max-video-preview:-1"},"canonical":"https:\/\/tachyon.es\/es\/tachyon\/","og_locale":"es_ES","og_type":"article","og_title":"- Tachyon SL - consulting - ai - software - hardware - electr\u00f3nica - energ\u00eda - geotermia","og_description":"A\u00fan siendo pionera en Suiza, la empresa Tachyon nace y tiene su sede central en Alicante, Espa\u00f1a, desde donde tiene como una de sus finalidades, servir como embajadora de la calidad tecnol\u00f3gica suiza y europea. Visi\u00f3n: Implementar la f\u00edsica aplicada en todos los procesos y sectores industriales. Misi\u00f3n: Innovar con el objetivo de aumentar la eficiencia y la eficacia de todos los procesos industriales, aplicando la f\u00edsica a la energ\u00eda, la geotermia, la geolog\u00eda, la biolog\u00eda...","og_url":"https:\/\/tachyon.es\/es\/tachyon\/","og_site_name":"Tachyon SL - consulting - ai - software - hardware - electr\u00f3nica - energ\u00eda - geotermia","article_modified_time":"2023-05-21T08:28:01+00:00","og_image":[{"width":600,"height":600,"url":"https:\/\/tachyon.es\/es\/wp-content\/uploads\/2020\/10\/abc-1.jpg","type":"image\/jpeg"}],"twitter_card":"summary_large_image","twitter_misc":{"Tiempo de lectura":"3 minutos"},"schema":{"@context":"https:\/\/schema.org","@graph":[{"@type":"WebPage","@id":"https:\/\/tachyon.es\/es\/tachyon\/","url":"https:\/\/tachyon.es\/es\/tachyon\/","name":"- Tachyon SL - consulting - ai - software - hardware - electr\u00f3nica - energ\u00eda - geotermia","isPartOf":{"@id":"https:\/\/tachyon.es\/es\/#website"},"primaryImageOfPage":{"@id":"https:\/\/tachyon.es\/es\/tachyon\/#primaryimage"},"image":{"@id":"https:\/\/tachyon.es\/es\/tachyon\/#primaryimage"},"thumbnailUrl":"https:\/\/tachyon.es\/es\/wp-content\/uploads\/2020\/10\/abc-1.jpg","datePublished":"2020-10-19T15:50:16+00:00","dateModified":"2023-05-21T08:28:01+00:00","description":"A\u00fan siendo pionera en Suiza, la empresa Tachyon nace y tiene su sede central en Alicante, Espa\u00f1a, desde donde tiene como una de sus finalidades, servir como embajadora de la calidad tecnol\u00f3gica suiza y europea. Visi\u00f3n: Implementar la f\u00edsica aplicada en todos los procesos y sectores industriales. Misi\u00f3n: Innovar con el objetivo de aumentar la eficiencia y la eficacia de todos los procesos industriales, aplicando la f\u00edsica a la energ\u00eda, la geotermia, la geolog\u00eda, la biolog\u00eda...","inLanguage":"es","potentialAction":[{"@type":"ReadAction","target":["https:\/\/tachyon.es\/es\/tachyon\/"]}]},{"@type":"ImageObject","inLanguage":"es","@id":"https:\/\/tachyon.es\/es\/tachyon\/#primaryimage","url":"https:\/\/tachyon.es\/es\/wp-content\/uploads\/2020\/10\/abc-1.jpg","contentUrl":"https:\/\/tachyon.es\/es\/wp-content\/uploads\/2020\/10\/abc-1.jpg","width":600,"height":600},{"@type":"WebSite","@id":"https:\/\/tachyon.es\/es\/#website","url":"https:\/\/tachyon.es\/es\/","name":"Tachyon SL - consulting - ai - software - hardware - electr\u00f3nica - energ\u00eda - geotermia","description":"F\u00edsica aplicada","publisher":{"@id":"https:\/\/tachyon.es\/es\/#organization"},"potentialAction":[{"@type":"SearchAction","target":{"@type":"EntryPoint","urlTemplate":"https:\/\/tachyon.es\/es\/?s={search_term_string}"},"query-input":{"@type":"PropertyValueSpecification","valueRequired":true,"valueName":"search_term_string"}}],"inLanguage":"es"},{"@type":"Organization","@id":"https:\/\/tachyon.es\/es\/#organization","name":"Tachyon SL","url":"https:\/\/tachyon.es\/es\/","logo":{"@type":"ImageObject","inLanguage":"es","@id":"https:\/\/tachyon.es\/es\/#\/schema\/logo\/image\/","url":"https:\/\/tachyon.es\/es\/wp-content\/uploads\/2020\/10\/tachyon-logo-2021-site-negro.png","contentUrl":"https:\/\/tachyon.es\/es\/wp-content\/uploads\/2020\/10\/tachyon-logo-2021-site-negro.png","width":200,"height":268,"caption":"Tachyon SL"},"image":{"@id":"https:\/\/tachyon.es\/es\/#\/schema\/logo\/image\/"}}]}},"_links":{"self":[{"href":"https:\/\/tachyon.es\/es\/wp-json\/wp\/v2\/pages\/348","targetHints":{"allow":["GET"]}}],"collection":[{"href":"https:\/\/tachyon.es\/es\/wp-json\/wp\/v2\/pages"}],"about":[{"href":"https:\/\/tachyon.es\/es\/wp-json\/wp\/v2\/types\/page"}],"author":[{"embeddable":true,"href":"https:\/\/tachyon.es\/es\/wp-json\/wp\/v2\/users\/1"}],"replies":[{"embeddable":true,"href":"https:\/\/tachyon.es\/es\/wp-json\/wp\/v2\/comments?post=348"}],"version-history":[{"count":66,"href":"https:\/\/tachyon.es\/es\/wp-json\/wp\/v2\/pages\/348\/revisions"}],"predecessor-version":[{"id":2481,"href":"https:\/\/tachyon.es\/es\/wp-json\/wp\/v2\/pages\/348\/revisions\/2481"}],"wp:featuredmedia":[{"embeddable":true,"href":"https:\/\/tachyon.es\/es\/wp-json\/wp\/v2\/media\/241"}],"wp:attachment":[{"href":"https:\/\/tachyon.es\/es\/wp-json\/wp\/v2\/media?parent=348"}],"curies":[{"name":"wp","href":"https:\/\/api.w.org\/{rel}","templated":true}]}}