{"id":1252,"date":"2021-01-25T18:02:04","date_gmt":"2021-01-25T17:02:04","guid":{"rendered":"https:\/\/tachyon.es\/es\/?page_id=1252"},"modified":"2021-02-03T11:18:34","modified_gmt":"2021-02-03T10:18:34","slug":"software","status":"publish","type":"page","link":"https:\/\/tachyon.es\/es\/software\/","title":{"rendered":"Software profesional online"},"content":{"rendered":"\n<ul class=\"wp-block-list\"><li><a href=\"https:\/\/tachyon.es\/software\/cargas-termicas-de-verano\/\" target=\"_blank\" rel=\"noreferrer noopener\">C\u00e1lculo online de cargas t\u00e9rmicas de verano<\/a>, funciona en ordenador, tablet y tel\u00e9fono.<\/li><li><a href=\"https:\/\/tachyon.es\/software\/cargas-termicas-de-verano-ampliado\/\" target=\"_blank\" rel=\"noreferrer noopener\">C\u00e1lculo online de cargas t\u00e9rmicas de verano ampliado<\/a>, funciona en ordenador, no en tablet, no en tel\u00e9fono.<\/li><li><a href=\"https:\/\/tachyon.es\/software\/cargas-termicas-de-invierno\/\" target=\"_blank\" rel=\"noreferrer noopener\">C\u00e1lculo online de cargas t\u00e9rmicas de invierno<\/a>, funciona en ordenador, tablet y tel\u00e9fono.<\/li><li><a href=\"https:\/\/tachyon.es\/software\/calculo-de-tuberias\/\" target=\"_blank\" rel=\"noreferrer noopener\">C\u00e1lculo online de tuber\u00edas<\/a>, funciona en ordenador, no en tablet, no en tel\u00e9fono.<\/li><li><a href=\"https:\/\/tachyon.es\/software\/equilibrado-de-conductos-de-aire-por-recuperacion-estatica\/\" target=\"_blank\" rel=\"noreferrer noopener\">C\u00e1lculo online y equilibrado por recuperaci\u00f3n est\u00e1tica de redes de distribuci\u00f3n de aire<\/a>, funciona en ordenador, no en tablet, no en tel\u00e9fono.<\/li><\/ul>\n\n\n\n<div class=\"wp-block-image\"><figure class=\"aligncenter size-full\"><a href=\"https:\/\/tachyon.es\/software\/calculo-de-tuberias\/\" target=\"_blank\" rel=\"noopener\"><img loading=\"lazy\" decoding=\"async\" width=\"2560\" height=\"1600\" src=\"https:\/\/tachyon.es\/es\/wp-content\/uploads\/2021\/02\/abc-scaled.jpg\" alt=\"\" class=\"wp-image-1276\" srcset=\"https:\/\/tachyon.es\/es\/wp-content\/uploads\/2021\/02\/abc-scaled.jpg 2560w, https:\/\/tachyon.es\/es\/wp-content\/uploads\/2021\/02\/abc-300x188.jpg 300w, https:\/\/tachyon.es\/es\/wp-content\/uploads\/2021\/02\/abc-1024x640.jpg 1024w, https:\/\/tachyon.es\/es\/wp-content\/uploads\/2021\/02\/abc-768x480.jpg 768w, https:\/\/tachyon.es\/es\/wp-content\/uploads\/2021\/02\/abc-1536x960.jpg 1536w, https:\/\/tachyon.es\/es\/wp-content\/uploads\/2021\/02\/abc-2048x1280.jpg 2048w\" sizes=\"auto, (max-width: 2560px) 100vw, 2560px\" \/><\/a><\/figure><\/div>\n","protected":false},"excerpt":{"rendered":"<p>C\u00e1lculo online de cargas t\u00e9rmicas de verano, funciona en ordenador, tablet y tel\u00e9fono. C\u00e1lculo online de cargas t\u00e9rmicas de verano ampliado, funciona en ordenador, no en tablet, no en&hellip; <\/p>\n","protected":false},"author":1,"featured_media":0,"parent":0,"menu_order":0,"comment_status":"closed","ping_status":"closed","template":"","meta":{"footnotes":""},"class_list":["post-1252","page","type-page","status-publish","hentry"],"yoast_head":"<!-- This site is optimized with the Yoast SEO plugin v25.3 - https:\/\/yoast.com\/wordpress\/plugins\/seo\/ -->\n<title>Software profesional online - Tachyon SL - consulting - ai - software - hardware - electr\u00f3nica - energ\u00eda - geotermia<\/title>\n<meta name=\"robots\" content=\"index, follow, max-snippet:-1, max-image-preview:large, max-video-preview:-1\" \/>\n<link rel=\"canonical\" href=\"https:\/\/tachyon.es\/es\/software\/\" \/>\n<meta property=\"og:locale\" content=\"es_ES\" \/>\n<meta property=\"og:type\" content=\"article\" \/>\n<meta property=\"og:title\" content=\"Software profesional online - Tachyon SL - consulting - ai - software - hardware - electr\u00f3nica - energ\u00eda - geotermia\" \/>\n<meta property=\"og:description\" content=\"C\u00e1lculo online de cargas t\u00e9rmicas de verano, funciona en ordenador, tablet y tel\u00e9fono. C\u00e1lculo online de cargas t\u00e9rmicas de verano ampliado, funciona en ordenador, no en tablet, no en&hellip;\" \/>\n<meta property=\"og:url\" content=\"https:\/\/tachyon.es\/es\/software\/\" \/>\n<meta property=\"og:site_name\" content=\"Tachyon SL - consulting - ai - software - hardware - electr\u00f3nica - energ\u00eda - geotermia\" \/>\n<meta property=\"article:modified_time\" content=\"2021-02-03T10:18:34+00:00\" \/>\n<meta property=\"og:image\" content=\"https:\/\/tachyon.es\/es\/wp-content\/uploads\/2021\/02\/abc-scaled.jpg\" \/>\n<meta name=\"twitter:card\" content=\"summary_large_image\" \/>\n<meta name=\"twitter:label1\" content=\"Tiempo de lectura\" \/>\n\t<meta name=\"twitter:data1\" content=\"1 minuto\" \/>\n<script type=\"application\/ld+json\" class=\"yoast-schema-graph\">{\"@context\":\"https:\/\/schema.org\",\"@graph\":[{\"@type\":\"WebPage\",\"@id\":\"https:\/\/tachyon.es\/es\/software\/\",\"url\":\"https:\/\/tachyon.es\/es\/software\/\",\"name\":\"Software profesional online - Tachyon SL - consulting - ai - software - hardware - electr\u00f3nica - energ\u00eda - geotermia\",\"isPartOf\":{\"@id\":\"https:\/\/tachyon.es\/es\/#website\"},\"primaryImageOfPage\":{\"@id\":\"https:\/\/tachyon.es\/es\/software\/#primaryimage\"},\"image\":{\"@id\":\"https:\/\/tachyon.es\/es\/software\/#primaryimage\"},\"thumbnailUrl\":\"https:\/\/tachyon.es\/es\/wp-content\/uploads\/2021\/02\/abc-scaled.jpg\",\"datePublished\":\"2021-01-25T17:02:04+00:00\",\"dateModified\":\"2021-02-03T10:18:34+00:00\",\"breadcrumb\":{\"@id\":\"https:\/\/tachyon.es\/es\/software\/#breadcrumb\"},\"inLanguage\":\"es\",\"potentialAction\":[{\"@type\":\"ReadAction\",\"target\":[\"https:\/\/tachyon.es\/es\/software\/\"]}]},{\"@type\":\"ImageObject\",\"inLanguage\":\"es\",\"@id\":\"https:\/\/tachyon.es\/es\/software\/#primaryimage\",\"url\":\"https:\/\/tachyon.es\/es\/wp-content\/uploads\/2021\/02\/abc-scaled.jpg\",\"contentUrl\":\"https:\/\/tachyon.es\/es\/wp-content\/uploads\/2021\/02\/abc-scaled.jpg\",\"width\":2560,\"height\":1600},{\"@type\":\"BreadcrumbList\",\"@id\":\"https:\/\/tachyon.es\/es\/software\/#breadcrumb\",\"itemListElement\":[{\"@type\":\"ListItem\",\"position\":1,\"name\":\"Portada\",\"item\":\"https:\/\/tachyon.es\/es\/\"},{\"@type\":\"ListItem\",\"position\":2,\"name\":\"Software profesional online\"}]},{\"@type\":\"WebSite\",\"@id\":\"https:\/\/tachyon.es\/es\/#website\",\"url\":\"https:\/\/tachyon.es\/es\/\",\"name\":\"Tachyon SL - consulting - ai - software - hardware - electr\u00f3nica - energ\u00eda - geotermia\",\"description\":\"F\u00edsica aplicada\",\"publisher\":{\"@id\":\"https:\/\/tachyon.es\/es\/#organization\"},\"potentialAction\":[{\"@type\":\"SearchAction\",\"target\":{\"@type\":\"EntryPoint\",\"urlTemplate\":\"https:\/\/tachyon.es\/es\/?s={search_term_string}\"},\"query-input\":{\"@type\":\"PropertyValueSpecification\",\"valueRequired\":true,\"valueName\":\"search_term_string\"}}],\"inLanguage\":\"es\"},{\"@type\":\"Organization\",\"@id\":\"https:\/\/tachyon.es\/es\/#organization\",\"name\":\"Tachyon SL\",\"url\":\"https:\/\/tachyon.es\/es\/\",\"logo\":{\"@type\":\"ImageObject\",\"inLanguage\":\"es\",\"@id\":\"https:\/\/tachyon.es\/es\/#\/schema\/logo\/image\/\",\"url\":\"https:\/\/tachyon.es\/es\/wp-content\/uploads\/2020\/10\/tachyon-logo-2021-site-negro.png\",\"contentUrl\":\"https:\/\/tachyon.es\/es\/wp-content\/uploads\/2020\/10\/tachyon-logo-2021-site-negro.png\",\"width\":200,\"height\":268,\"caption\":\"Tachyon SL\"},\"image\":{\"@id\":\"https:\/\/tachyon.es\/es\/#\/schema\/logo\/image\/\"}}]}<\/script>\n<!-- \/ Yoast SEO plugin. -->","yoast_head_json":{"title":"Software profesional online - Tachyon SL - consulting - ai - software - hardware - electr\u00f3nica - energ\u00eda - geotermia","robots":{"index":"index","follow":"follow","max-snippet":"max-snippet:-1","max-image-preview":"max-image-preview:large","max-video-preview":"max-video-preview:-1"},"canonical":"https:\/\/tachyon.es\/es\/software\/","og_locale":"es_ES","og_type":"article","og_title":"Software profesional online - Tachyon SL - consulting - ai - software - hardware - electr\u00f3nica - energ\u00eda - geotermia","og_description":"C\u00e1lculo online de cargas t\u00e9rmicas de verano, funciona en ordenador, tablet y tel\u00e9fono. C\u00e1lculo online de cargas t\u00e9rmicas de verano ampliado, funciona en ordenador, no en tablet, no en&hellip;","og_url":"https:\/\/tachyon.es\/es\/software\/","og_site_name":"Tachyon SL - consulting - ai - software - hardware - electr\u00f3nica - energ\u00eda - geotermia","article_modified_time":"2021-02-03T10:18:34+00:00","og_image":[{"url":"https:\/\/tachyon.es\/es\/wp-content\/uploads\/2021\/02\/abc-scaled.jpg","type":"","width":"","height":""}],"twitter_card":"summary_large_image","twitter_misc":{"Tiempo de lectura":"1 minuto"},"schema":{"@context":"https:\/\/schema.org","@graph":[{"@type":"WebPage","@id":"https:\/\/tachyon.es\/es\/software\/","url":"https:\/\/tachyon.es\/es\/software\/","name":"Software profesional online - Tachyon SL - consulting - ai - software - hardware - electr\u00f3nica - energ\u00eda - geotermia","isPartOf":{"@id":"https:\/\/tachyon.es\/es\/#website"},"primaryImageOfPage":{"@id":"https:\/\/tachyon.es\/es\/software\/#primaryimage"},"image":{"@id":"https:\/\/tachyon.es\/es\/software\/#primaryimage"},"thumbnailUrl":"https:\/\/tachyon.es\/es\/wp-content\/uploads\/2021\/02\/abc-scaled.jpg","datePublished":"2021-01-25T17:02:04+00:00","dateModified":"2021-02-03T10:18:34+00:00","breadcrumb":{"@id":"https:\/\/tachyon.es\/es\/software\/#breadcrumb"},"inLanguage":"es","potentialAction":[{"@type":"ReadAction","target":["https:\/\/tachyon.es\/es\/software\/"]}]},{"@type":"ImageObject","inLanguage":"es","@id":"https:\/\/tachyon.es\/es\/software\/#primaryimage","url":"https:\/\/tachyon.es\/es\/wp-content\/uploads\/2021\/02\/abc-scaled.jpg","contentUrl":"https:\/\/tachyon.es\/es\/wp-content\/uploads\/2021\/02\/abc-scaled.jpg","width":2560,"height":1600},{"@type":"BreadcrumbList","@id":"https:\/\/tachyon.es\/es\/software\/#breadcrumb","itemListElement":[{"@type":"ListItem","position":1,"name":"Portada","item":"https:\/\/tachyon.es\/es\/"},{"@type":"ListItem","position":2,"name":"Software profesional online"}]},{"@type":"WebSite","@id":"https:\/\/tachyon.es\/es\/#website","url":"https:\/\/tachyon.es\/es\/","name":"Tachyon SL - consulting - ai - software - hardware - electr\u00f3nica - energ\u00eda - geotermia","description":"F\u00edsica aplicada","publisher":{"@id":"https:\/\/tachyon.es\/es\/#organization"},"potentialAction":[{"@type":"SearchAction","target":{"@type":"EntryPoint","urlTemplate":"https:\/\/tachyon.es\/es\/?s={search_term_string}"},"query-input":{"@type":"PropertyValueSpecification","valueRequired":true,"valueName":"search_term_string"}}],"inLanguage":"es"},{"@type":"Organization","@id":"https:\/\/tachyon.es\/es\/#organization","name":"Tachyon SL","url":"https:\/\/tachyon.es\/es\/","logo":{"@type":"ImageObject","inLanguage":"es","@id":"https:\/\/tachyon.es\/es\/#\/schema\/logo\/image\/","url":"https:\/\/tachyon.es\/es\/wp-content\/uploads\/2020\/10\/tachyon-logo-2021-site-negro.png","contentUrl":"https:\/\/tachyon.es\/es\/wp-content\/uploads\/2020\/10\/tachyon-logo-2021-site-negro.png","width":200,"height":268,"caption":"Tachyon SL"},"image":{"@id":"https:\/\/tachyon.es\/es\/#\/schema\/logo\/image\/"}}]}},"_links":{"self":[{"href":"https:\/\/tachyon.es\/es\/wp-json\/wp\/v2\/pages\/1252","targetHints":{"allow":["GET"]}}],"collection":[{"href":"https:\/\/tachyon.es\/es\/wp-json\/wp\/v2\/pages"}],"about":[{"href":"https:\/\/tachyon.es\/es\/wp-json\/wp\/v2\/types\/page"}],"author":[{"embeddable":true,"href":"https:\/\/tachyon.es\/es\/wp-json\/wp\/v2\/users\/1"}],"replies":[{"embeddable":true,"href":"https:\/\/tachyon.es\/es\/wp-json\/wp\/v2\/comments?post=1252"}],"version-history":[{"count":17,"href":"https:\/\/tachyon.es\/es\/wp-json\/wp\/v2\/pages\/1252\/revisions"}],"predecessor-version":[{"id":1280,"href":"https:\/\/tachyon.es\/es\/wp-json\/wp\/v2\/pages\/1252\/revisions\/1280"}],"wp:attachment":[{"href":"https:\/\/tachyon.es\/es\/wp-json\/wp\/v2\/media?parent=1252"}],"curies":[{"name":"wp","href":"https:\/\/api.w.org\/{rel}","templated":true}]}}