{"id":1121,"date":"2020-12-02T18:18:52","date_gmt":"2020-12-02T17:18:52","guid":{"rendered":"https:\/\/tachyon.es\/es\/?page_id=1121"},"modified":"2020-12-08T18:32:16","modified_gmt":"2020-12-08T17:32:16","slug":"idea","status":"publish","type":"page","link":"https:\/\/tachyon.es\/es\/idea\/","title":{"rendered":""},"content":{"rendered":"\n<figure class=\"wp-block-image size-large is-resized\"><img loading=\"lazy\" decoding=\"async\" src=\"https:\/\/geotermia.ch\/wp-content\/uploads\/2020\/12\/idea-16-300x373-gris-para-fondos-blancos-1.png\" alt=\"\" width=\"75\" height=\"93\"\/><\/figure>\n\n\n\n<p><strong>iDEA<\/strong> canal de contacto con la innovaci\u00f3n<\/p>\n\n\n\n<div class=\"wp-block-contact-form-7-contact-form-selector\">\n<div class=\"wpcf7 no-js\" id=\"wpcf7-f1124-o1\" lang=\"es-ES\" dir=\"ltr\" data-wpcf7-id=\"1124\">\n<div class=\"screen-reader-response\"><p role=\"status\" aria-live=\"polite\" aria-atomic=\"true\"><\/p> <ul><\/ul><\/div>\n<form action=\"\/es\/wp-json\/wp\/v2\/pages\/1121#wpcf7-f1124-o1\" method=\"post\" class=\"wpcf7-form init\" aria-label=\"Formulario de contacto\" novalidate=\"novalidate\" data-status=\"init\">\n<div style=\"display: none;\">\n<input type=\"hidden\" name=\"_wpcf7\" value=\"1124\" \/>\n<input type=\"hidden\" name=\"_wpcf7_version\" value=\"6.0.6\" \/>\n<input type=\"hidden\" name=\"_wpcf7_locale\" value=\"es_ES\" \/>\n<input type=\"hidden\" name=\"_wpcf7_unit_tag\" value=\"wpcf7-f1124-o1\" \/>\n<input type=\"hidden\" name=\"_wpcf7_container_post\" value=\"0\" \/>\n<input type=\"hidden\" name=\"_wpcf7_posted_data_hash\" value=\"\" \/>\n<\/div>\n<p><label> Nombre<br \/>\n<span class=\"wpcf7-form-control-wrap\" data-name=\"your-name\"><input size=\"40\" maxlength=\"400\" class=\"wpcf7-form-control wpcf7-text wpcf7-validates-as-required\" aria-required=\"true\" aria-invalid=\"false\" value=\"\" type=\"text\" name=\"your-name\" \/><\/span> <\/label>\n<\/p>\n<p><label> Tel\u00e9fono<br \/>\n<span class=\"wpcf7-form-control-wrap\" data-name=\"tel-143\"><input size=\"40\" maxlength=\"400\" class=\"wpcf7-form-control wpcf7-tel wpcf7-validates-as-required wpcf7-text wpcf7-validates-as-tel\" aria-required=\"true\" aria-invalid=\"false\" value=\"\" type=\"tel\" name=\"tel-143\" \/><\/span> <\/label>\n<\/p>\n<p><label> E-mail<br \/>\n<span class=\"wpcf7-form-control-wrap\" data-name=\"your-email\"><input size=\"40\" maxlength=\"400\" class=\"wpcf7-form-control wpcf7-email wpcf7-validates-as-required wpcf7-text wpcf7-validates-as-email\" aria-required=\"true\" aria-invalid=\"false\" value=\"\" type=\"email\" name=\"your-email\" \/><\/span> <\/label>\n<\/p>\n<p><input class=\"wpcf7-form-control wpcf7-submit has-spinner\" type=\"submit\" value=\"Enviar\" \/>\n<\/p><p style=\"display: none !important;\" class=\"akismet-fields-container\" data-prefix=\"_wpcf7_ak_\"><label>&#916;<textarea name=\"_wpcf7_ak_hp_textarea\" cols=\"45\" rows=\"8\" maxlength=\"100\"><\/textarea><\/label><input type=\"hidden\" id=\"ak_js_1\" name=\"_wpcf7_ak_js\" value=\"130\"\/><script>document.getElementById( \"ak_js_1\" ).setAttribute( \"value\", ( new Date() ).getTime() );<\/script><\/p><div class=\"wpcf7-response-output\" aria-hidden=\"true\"><\/div>\n<\/form>\n<\/div>\n<\/div>\n\n\n\n<p><\/p>\n","protected":false},"excerpt":{"rendered":"<p>iDEA canal de contacto con la innovaci\u00f3n<\/p>\n","protected":false},"author":1,"featured_media":0,"parent":0,"menu_order":0,"comment_status":"closed","ping_status":"closed","template":"","meta":{"footnotes":""},"class_list":["post-1121","page","type-page","status-publish","hentry"],"yoast_head":"<!-- This site is optimized with the Yoast SEO plugin v25.3 - https:\/\/yoast.com\/wordpress\/plugins\/seo\/ -->\n<title>- Tachyon SL - consulting - ai - software - hardware - electr\u00f3nica - energ\u00eda - geotermia<\/title>\n<meta name=\"robots\" content=\"index, follow, max-snippet:-1, max-image-preview:large, max-video-preview:-1\" \/>\n<link rel=\"canonical\" href=\"https:\/\/tachyon.es\/es\/idea\/\" \/>\n<meta property=\"og:locale\" content=\"es_ES\" \/>\n<meta property=\"og:type\" content=\"article\" \/>\n<meta property=\"og:title\" content=\"- Tachyon SL - consulting - ai - software - hardware - electr\u00f3nica - energ\u00eda - geotermia\" \/>\n<meta property=\"og:description\" content=\"iDEA canal de contacto con la innovaci\u00f3n\" \/>\n<meta property=\"og:url\" content=\"https:\/\/tachyon.es\/es\/idea\/\" \/>\n<meta property=\"og:site_name\" content=\"Tachyon SL - consulting - ai - software - hardware - electr\u00f3nica - energ\u00eda - geotermia\" \/>\n<meta property=\"article:modified_time\" content=\"2020-12-08T17:32:16+00:00\" \/>\n<meta property=\"og:image\" content=\"https:\/\/geotermia.ch\/wp-content\/uploads\/2020\/12\/idea-16-300x373-gris-para-fondos-blancos-1.png\" \/>\n<meta name=\"twitter:card\" content=\"summary_large_image\" \/>\n<script type=\"application\/ld+json\" class=\"yoast-schema-graph\">{\"@context\":\"https:\/\/schema.org\",\"@graph\":[{\"@type\":\"WebPage\",\"@id\":\"https:\/\/tachyon.es\/es\/idea\/\",\"url\":\"https:\/\/tachyon.es\/es\/idea\/\",\"name\":\"- Tachyon SL - consulting - ai - software - hardware - electr\u00f3nica - energ\u00eda - geotermia\",\"isPartOf\":{\"@id\":\"https:\/\/tachyon.es\/es\/#website\"},\"primaryImageOfPage\":{\"@id\":\"https:\/\/tachyon.es\/es\/idea\/#primaryimage\"},\"image\":{\"@id\":\"https:\/\/tachyon.es\/es\/idea\/#primaryimage\"},\"thumbnailUrl\":\"https:\/\/geotermia.ch\/wp-content\/uploads\/2020\/12\/idea-16-300x373-gris-para-fondos-blancos-1.png\",\"datePublished\":\"2020-12-02T17:18:52+00:00\",\"dateModified\":\"2020-12-08T17:32:16+00:00\",\"inLanguage\":\"es\",\"potentialAction\":[{\"@type\":\"ReadAction\",\"target\":[\"https:\/\/tachyon.es\/es\/idea\/\"]}]},{\"@type\":\"ImageObject\",\"inLanguage\":\"es\",\"@id\":\"https:\/\/tachyon.es\/es\/idea\/#primaryimage\",\"url\":\"https:\/\/geotermia.ch\/wp-content\/uploads\/2020\/12\/idea-16-300x373-gris-para-fondos-blancos-1.png\",\"contentUrl\":\"https:\/\/geotermia.ch\/wp-content\/uploads\/2020\/12\/idea-16-300x373-gris-para-fondos-blancos-1.png\"},{\"@type\":\"WebSite\",\"@id\":\"https:\/\/tachyon.es\/es\/#website\",\"url\":\"https:\/\/tachyon.es\/es\/\",\"name\":\"Tachyon SL - consulting - ai - software - hardware - electr\u00f3nica - energ\u00eda - geotermia\",\"description\":\"F\u00edsica aplicada\",\"publisher\":{\"@id\":\"https:\/\/tachyon.es\/es\/#organization\"},\"potentialAction\":[{\"@type\":\"SearchAction\",\"target\":{\"@type\":\"EntryPoint\",\"urlTemplate\":\"https:\/\/tachyon.es\/es\/?s={search_term_string}\"},\"query-input\":{\"@type\":\"PropertyValueSpecification\",\"valueRequired\":true,\"valueName\":\"search_term_string\"}}],\"inLanguage\":\"es\"},{\"@type\":\"Organization\",\"@id\":\"https:\/\/tachyon.es\/es\/#organization\",\"name\":\"Tachyon SL\",\"url\":\"https:\/\/tachyon.es\/es\/\",\"logo\":{\"@type\":\"ImageObject\",\"inLanguage\":\"es\",\"@id\":\"https:\/\/tachyon.es\/es\/#\/schema\/logo\/image\/\",\"url\":\"https:\/\/tachyon.es\/es\/wp-content\/uploads\/2020\/10\/tachyon-logo-2021-site-negro.png\",\"contentUrl\":\"https:\/\/tachyon.es\/es\/wp-content\/uploads\/2020\/10\/tachyon-logo-2021-site-negro.png\",\"width\":200,\"height\":268,\"caption\":\"Tachyon SL\"},\"image\":{\"@id\":\"https:\/\/tachyon.es\/es\/#\/schema\/logo\/image\/\"}}]}<\/script>\n<!-- \/ Yoast SEO plugin. -->","yoast_head_json":{"title":"- Tachyon SL - consulting - ai - software - hardware - electr\u00f3nica - energ\u00eda - geotermia","robots":{"index":"index","follow":"follow","max-snippet":"max-snippet:-1","max-image-preview":"max-image-preview:large","max-video-preview":"max-video-preview:-1"},"canonical":"https:\/\/tachyon.es\/es\/idea\/","og_locale":"es_ES","og_type":"article","og_title":"- Tachyon SL - consulting - ai - software - hardware - electr\u00f3nica - energ\u00eda - geotermia","og_description":"iDEA canal de contacto con la innovaci\u00f3n","og_url":"https:\/\/tachyon.es\/es\/idea\/","og_site_name":"Tachyon SL - consulting - ai - software - hardware - electr\u00f3nica - energ\u00eda - geotermia","article_modified_time":"2020-12-08T17:32:16+00:00","og_image":[{"url":"https:\/\/geotermia.ch\/wp-content\/uploads\/2020\/12\/idea-16-300x373-gris-para-fondos-blancos-1.png","type":"","width":"","height":""}],"twitter_card":"summary_large_image","schema":{"@context":"https:\/\/schema.org","@graph":[{"@type":"WebPage","@id":"https:\/\/tachyon.es\/es\/idea\/","url":"https:\/\/tachyon.es\/es\/idea\/","name":"- Tachyon SL - consulting - ai - software - hardware - electr\u00f3nica - energ\u00eda - geotermia","isPartOf":{"@id":"https:\/\/tachyon.es\/es\/#website"},"primaryImageOfPage":{"@id":"https:\/\/tachyon.es\/es\/idea\/#primaryimage"},"image":{"@id":"https:\/\/tachyon.es\/es\/idea\/#primaryimage"},"thumbnailUrl":"https:\/\/geotermia.ch\/wp-content\/uploads\/2020\/12\/idea-16-300x373-gris-para-fondos-blancos-1.png","datePublished":"2020-12-02T17:18:52+00:00","dateModified":"2020-12-08T17:32:16+00:00","inLanguage":"es","potentialAction":[{"@type":"ReadAction","target":["https:\/\/tachyon.es\/es\/idea\/"]}]},{"@type":"ImageObject","inLanguage":"es","@id":"https:\/\/tachyon.es\/es\/idea\/#primaryimage","url":"https:\/\/geotermia.ch\/wp-content\/uploads\/2020\/12\/idea-16-300x373-gris-para-fondos-blancos-1.png","contentUrl":"https:\/\/geotermia.ch\/wp-content\/uploads\/2020\/12\/idea-16-300x373-gris-para-fondos-blancos-1.png"},{"@type":"WebSite","@id":"https:\/\/tachyon.es\/es\/#website","url":"https:\/\/tachyon.es\/es\/","name":"Tachyon SL - consulting - ai - software - hardware - electr\u00f3nica - energ\u00eda - geotermia","description":"F\u00edsica aplicada","publisher":{"@id":"https:\/\/tachyon.es\/es\/#organization"},"potentialAction":[{"@type":"SearchAction","target":{"@type":"EntryPoint","urlTemplate":"https:\/\/tachyon.es\/es\/?s={search_term_string}"},"query-input":{"@type":"PropertyValueSpecification","valueRequired":true,"valueName":"search_term_string"}}],"inLanguage":"es"},{"@type":"Organization","@id":"https:\/\/tachyon.es\/es\/#organization","name":"Tachyon SL","url":"https:\/\/tachyon.es\/es\/","logo":{"@type":"ImageObject","inLanguage":"es","@id":"https:\/\/tachyon.es\/es\/#\/schema\/logo\/image\/","url":"https:\/\/tachyon.es\/es\/wp-content\/uploads\/2020\/10\/tachyon-logo-2021-site-negro.png","contentUrl":"https:\/\/tachyon.es\/es\/wp-content\/uploads\/2020\/10\/tachyon-logo-2021-site-negro.png","width":200,"height":268,"caption":"Tachyon SL"},"image":{"@id":"https:\/\/tachyon.es\/es\/#\/schema\/logo\/image\/"}}]}},"_links":{"self":[{"href":"https:\/\/tachyon.es\/es\/wp-json\/wp\/v2\/pages\/1121","targetHints":{"allow":["GET"]}}],"collection":[{"href":"https:\/\/tachyon.es\/es\/wp-json\/wp\/v2\/pages"}],"about":[{"href":"https:\/\/tachyon.es\/es\/wp-json\/wp\/v2\/types\/page"}],"author":[{"embeddable":true,"href":"https:\/\/tachyon.es\/es\/wp-json\/wp\/v2\/users\/1"}],"replies":[{"embeddable":true,"href":"https:\/\/tachyon.es\/es\/wp-json\/wp\/v2\/comments?post=1121"}],"version-history":[{"count":7,"href":"https:\/\/tachyon.es\/es\/wp-json\/wp\/v2\/pages\/1121\/revisions"}],"predecessor-version":[{"id":1195,"href":"https:\/\/tachyon.es\/es\/wp-json\/wp\/v2\/pages\/1121\/revisions\/1195"}],"wp:attachment":[{"href":"https:\/\/tachyon.es\/es\/wp-json\/wp\/v2\/media?parent=1121"}],"curies":[{"name":"wp","href":"https:\/\/api.w.org\/{rel}","templated":true}]}}